{"id":8568,"date":"2025-02-13T10:32:19","date_gmt":"2025-02-13T10:32:19","guid":{"rendered":"https:\/\/zahnarzt-in-luzern.ch\/?page_id=8568"},"modified":"2025-12-11T12:47:40","modified_gmt":"2025-12-11T10:47:40","slug":"zahnarzt-luzern","status":"publish","type":"page","link":"https:\/\/zahnarzt-in-luzern.ch\/it\/lavori\/dentista-lucerna\/","title":{"rendered":"Dentista 60-100%"},"content":{"rendered":"<div data-elementor-type=\"wp-page\" data-elementor-id=\"8568\" class=\"elementor elementor-8568\" data-elementor-post-type=\"page\">\n\t\t\t\t<div class=\"elementor-element elementor-element-1fb7ffbd e-flex e-con-boxed e-con e-parent\" data-id=\"1fb7ffbd\" data-element_type=\"container\" data-settings=\"{&quot;background_background&quot;:&quot;gradient&quot;}\">\n\t\t\t\t\t<div class=\"e-con-inner\">\n\t\t<div class=\"elementor-element elementor-element-57b700aa e-grid e-con-full e-con e-child\" data-id=\"57b700aa\" data-element_type=\"container\">\n\t\t<div class=\"elementor-element elementor-element-315eafef animated-fast e-con-full e-flex elementor-invisible e-con e-child\" data-id=\"315eafef\" data-element_type=\"container\" data-settings=\"{&quot;animation&quot;:&quot;fadeIn&quot;,&quot;animation_delay&quot;:500}\">\n\t\t\t\t<div class=\"elementor-element elementor-element-41a47d5 elementor-widget elementor-widget-html\" data-id=\"41a47d5\" data-element_type=\"widget\" data-widget_type=\"html.default\">\n\t\t\t\t<div class=\"elementor-widget-container\">\n\t\t\t\t\t<script type=\"application\/ld+json\">{\n    \"@context\": \"https:\\\/\\\/schema.org\\\/\",\n    \"@type\": \"JobPosting\",\n    \"title\": \"Zahnarzt \\\/ Zahn\\u00e4rztin 20-100%\",\n    \"description\": \"Zur Verst\\u00e4rkung unseres Teams in Luzern suchen wir ab sofort oder nach Vereinbarung eine erfahrene Zahn\\u00e4rztin oder einen erfahrenen Zahnarzt, der unser Klinikteam mit Fachwissen und Engagement bereichert.\",\n    \"identifier\": {\n        \"@type\": \"PropertyValue\",\n        \"name\": \"Zahnarzt in Luzern\",\n        \"value\": \"Job-Zahnarzt-Zahnarzt-Luzern-2025\"\n    },\n    \"datePosted\": \"2025-12-11\",\n    \"employmentType\": [\n        \"full-time\",\n        \"part-time\"\n    ],\n    \"hiringOrganization\": {\n        \"@type\": \"Organization\",\n        \"name\": \"Zahnarzt in Luzern\",\n        \"sameAs\": \"https:\\\/\\\/zahnarzt-in-luzern.ch\\\/\",\n        \"logo\": \"https:\\\/\\\/zahnarzt-in-luzern.ch\\\/wp-content\\\/uploads\\\/cropped-favicon-zahnarzt-in-luzern-480x480-1.png\",\n        \"email\": \"info@zahnarzt-lu.ch\"\n    },\n    \"jobLocation\": {\n        \"@type\": \"Place\",\n        \"address\": {\n            \"@type\": \"PostalAddress\",\n            \"streetAddress\": \"Pilatusstrasse 18\",\n            \"addressLocality\": \"Luzern\",\n            \"addressRegion\": \"LU\",\n            \"postalCode\": \"6003\",\n            \"addressCountry\": \"CH\"\n        }\n    },\n    \"applicationContact\": {\n        \"@type\": \"ContactPoint\",\n        \"email\": \"info@zahnarzt-lu.ch\",\n        \"contactType\": \"HR\",\n        \"name\": \"Bewerbungsteam Zahnarzt in Luzern\"\n    },\n    \"url\": \"https:\\\/\\\/zahnarzt-in-luzern.ch\\\/de\\\/jobs\\\/zahnarzt-luzern\\\/\"\n}<\/script>\r\n\t\t\t\t<\/div>\n\t\t\t\t<\/div>\n\t\t\t\t<div class=\"elementor-element elementor-element-31b7c58c elementor-widget elementor-widget-heading\" data-id=\"31b7c58c\" data-element_type=\"widget\" data-widget_type=\"heading.default\">\n\t\t\t\t<div class=\"elementor-widget-container\">\n\t\t\t\t\t<p class=\"elementor-heading-title elementor-size-default\">Pubblicazione: 11.12.2025<\/p>\t\t\t\t<\/div>\n\t\t\t\t<\/div>\n\t\t\t\t<div class=\"elementor-element elementor-element-2367189 elementor-widget__width-initial elementor-widget elementor-widget-heading\" data-id=\"2367189\" data-element_type=\"widget\" data-widget_type=\"heading.default\">\n\t\t\t\t<div class=\"elementor-widget-container\">\n\t\t\t\t\t<h1 class=\"elementor-heading-title elementor-size-default\">Dentista 20-100%<\/h1>\t\t\t\t<\/div>\n\t\t\t\t<\/div>\n\t\t\t\t<div class=\"elementor-element elementor-element-30c44e08 elementor-widget__width-initial elementor-widget-mobile__width-inherit elementor-widget elementor-widget-text-editor\" data-id=\"30c44e08\" data-element_type=\"widget\" data-widget_type=\"text-editor.default\">\n\t\t\t\t<div class=\"elementor-widget-container\">\n\t\t\t\t\t\t\t\t\t<p>Per tutti coloro che considerano l'odontoiatria eccellente non solo come una professione, ma come una vocazione.<\/p>\t\t\t\t\t\t\t\t<\/div>\n\t\t\t\t<\/div>\n\t\t<div class=\"elementor-element elementor-element-1c496239 e-con-full e-flex e-con e-child\" data-id=\"1c496239\" data-element_type=\"container\">\n\t\t\t\t<div class=\"elementor-element elementor-element-207ddf70 elementor-mobile-align-justify elementor-widget-mobile__width-inherit elementor-widget elementor-widget-button\" data-id=\"207ddf70\" data-element_type=\"widget\" data-widget_type=\"button.default\">\n\t\t\t\t<div class=\"elementor-widget-container\">\n\t\t\t\t\t\t\t\t\t<div class=\"elementor-button-wrapper\">\n\t\t\t\t\t<a class=\"elementor-button elementor-button-link elementor-size-sm\" href=\"https:\/\/zahnarzt-in-luzern.ch\/it\/contatto-dentista-lucerna\/\">\n\t\t\t\t\t\t<span class=\"elementor-button-content-wrapper\">\n\t\t\t\t\t\t\t\t\t<span class=\"elementor-button-text\">Contattateci<\/span>\n\t\t\t\t\t<\/span>\n\t\t\t\t\t<\/a>\n\t\t\t\t<\/div>\n\t\t\t\t\t\t\t\t<\/div>\n\t\t\t\t<\/div>\n\t\t\t\t<\/div>\n\t\t\t\t<\/div>\n\t\t<div class=\"elementor-element elementor-element-4a17da9d e-con-full e-flex e-con e-child\" data-id=\"4a17da9d\" data-element_type=\"container\">\n\t\t\t\t<div class=\"elementor-element elementor-element-515f31d0 elementor-widget elementor-widget-image\" data-id=\"515f31d0\" data-element_type=\"widget\" data-widget_type=\"image.default\">\n\t\t\t\t<div class=\"elementor-widget-container\">\n\t\t\t\t\t\t\t\t\t\t\t\t\t\t\t<img fetchpriority=\"high\" decoding=\"async\" width=\"2000\" height=\"2500\" src=\"https:\/\/zahnarzt-in-luzern.ch\/wp-content\/uploads\/zahnarzt-luzern-behandlungsmethode-01.webp\" class=\"attachment-full size-full wp-image-6343\" alt=\"\" srcset=\"https:\/\/zahnarzt-in-luzern.ch\/wp-content\/uploads\/zahnarzt-luzern-behandlungsmethode-01.webp 2000w, https:\/\/zahnarzt-in-luzern.ch\/wp-content\/uploads\/zahnarzt-luzern-behandlungsmethode-01-240x300.webp 240w, https:\/\/zahnarzt-in-luzern.ch\/wp-content\/uploads\/zahnarzt-luzern-behandlungsmethode-01-819x1024.webp 819w, https:\/\/zahnarzt-in-luzern.ch\/wp-content\/uploads\/zahnarzt-luzern-behandlungsmethode-01-768x960.webp 768w, https:\/\/zahnarzt-in-luzern.ch\/wp-content\/uploads\/zahnarzt-luzern-behandlungsmethode-01-1229x1536.webp 1229w, https:\/\/zahnarzt-in-luzern.ch\/wp-content\/uploads\/zahnarzt-luzern-behandlungsmethode-01-1638x2048.webp 1638w\" sizes=\"(max-width: 2000px) 100vw, 2000px\" \/>\t\t\t\t\t\t\t\t\t\t\t\t\t\t\t<\/div>\n\t\t\t\t<\/div>\n\t\t\t\t<\/div>\n\t\t\t\t<\/div>\n\t\t<div class=\"elementor-element elementor-element-134f6e75 e-flex e-con-boxed e-con e-child\" data-id=\"134f6e75\" data-element_type=\"container\">\n\t\t\t\t\t<div class=\"e-con-inner\">\n\t\t\t\t<div class=\"elementor-element elementor-element-73d16692 elementor-widget-divider--view-line elementor-widget elementor-widget-divider\" data-id=\"73d16692\" data-element_type=\"widget\" data-widget_type=\"divider.default\">\n\t\t\t\t<div class=\"elementor-widget-container\">\n\t\t\t\t\t\t\t<div class=\"elementor-divider\">\n\t\t\t<span class=\"elementor-divider-separator\">\n\t\t\t\t\t\t<\/span>\n\t\t<\/div>\n\t\t\t\t\t\t<\/div>\n\t\t\t\t<\/div>\n\t\t\t\t\t<\/div>\n\t\t\t\t<\/div>\n\t\t\t\t\t<\/div>\n\t\t\t\t<\/div>\n\t\t<div class=\"elementor-element elementor-element-710e0813 e-flex e-con-boxed e-con e-parent\" data-id=\"710e0813\" data-element_type=\"container\" data-settings=\"{&quot;background_background&quot;:&quot;classic&quot;}\">\n\t\t\t\t\t<div class=\"e-con-inner\">\n\t\t<div class=\"elementor-element elementor-element-79b451df animated-fast e-flex e-con-boxed elementor-invisible e-con e-child\" data-id=\"79b451df\" data-element_type=\"container\" data-settings=\"{&quot;animation&quot;:&quot;fadeIn&quot;,&quot;animation_delay&quot;:100}\">\n\t\t\t\t\t<div class=\"e-con-inner\">\n\t\t\t\t<div class=\"elementor-element elementor-element-dde0deb elementor-widget__width-initial elementor-widget elementor-widget-heading\" data-id=\"dde0deb\" data-element_type=\"widget\" data-widget_type=\"heading.default\">\n\t\t\t\t<div class=\"elementor-widget-container\">\n\t\t\t\t\t<h2 class=\"elementor-heading-title elementor-size-default\">Descrizione del lavoro<\/h2>\t\t\t\t<\/div>\n\t\t\t\t<\/div>\n\t\t\t\t<div class=\"elementor-element elementor-element-cddf764 elementor-widget elementor-widget-text-editor\" data-id=\"cddf764\" data-element_type=\"widget\" data-widget_type=\"text-editor.default\">\n\t\t\t\t<div class=\"elementor-widget-container\">\n\t\t\t\t\t\t\t\t\t<p><strong>Benvenuti alla Clinica dentale Lucerna!<\/strong><\/p><p><br \/>Siamo una clinica odontoiatrica moderna e orientata alla qualit\u00e0 nel cuore di Lucerna e offriamo l'intero spettro dell'odontoiatria, sempre al massimo livello scientifico e tecnico. Non solo attribuiamo grande importanza a un'odontoiatria di prima classe, ma anche a un ambiente di lavoro in cui l'apprezzamento, lo spirito di squadra e il piacere del lavoro sono praticati quotidianamente.<\/p>\t\t\t\t\t\t\t\t<\/div>\n\t\t\t\t<\/div>\n\t\t\t\t\t<\/div>\n\t\t\t\t<\/div>\n\t\t<div class=\"elementor-element elementor-element-1560f46b e-grid e-con-boxed e-con e-child\" data-id=\"1560f46b\" data-element_type=\"container\">\n\t\t\t\t\t<div class=\"e-con-inner\">\n\t\t\t\t<div class=\"elementor-element elementor-element-da82125 elementor-widget elementor-widget-image\" data-id=\"da82125\" data-element_type=\"widget\" data-widget_type=\"image.default\">\n\t\t\t\t<div class=\"elementor-widget-container\">\n\t\t\t\t\t\t\t\t\t\t\t\t\t\t\t<img decoding=\"async\" width=\"800\" height=\"1000\" src=\"https:\/\/zahnarzt-in-luzern.ch\/wp-content\/uploads\/wurzelbehandlung-luzern-notfall-819x1024.webp\" class=\"attachment-large size-large wp-image-5736\" alt=\"Trattamento canalare dentista Lucerna\" srcset=\"https:\/\/zahnarzt-in-luzern.ch\/wp-content\/uploads\/wurzelbehandlung-luzern-notfall-819x1024.webp 819w, https:\/\/zahnarzt-in-luzern.ch\/wp-content\/uploads\/wurzelbehandlung-luzern-notfall-240x300.webp 240w, https:\/\/zahnarzt-in-luzern.ch\/wp-content\/uploads\/wurzelbehandlung-luzern-notfall-768x960.webp 768w, https:\/\/zahnarzt-in-luzern.ch\/wp-content\/uploads\/wurzelbehandlung-luzern-notfall-1229x1536.webp 1229w, https:\/\/zahnarzt-in-luzern.ch\/wp-content\/uploads\/wurzelbehandlung-luzern-notfall-1638x2048.webp 1638w, https:\/\/zahnarzt-in-luzern.ch\/wp-content\/uploads\/elementor\/thumbs\/wurzelbehandlung-luzern-notfall-quob2tvgz3gv42soeupxjbmkcw14hv2h9hx0r5ss9c.webp 800w, https:\/\/zahnarzt-in-luzern.ch\/wp-content\/uploads\/wurzelbehandlung-luzern-notfall.webp 2000w\" sizes=\"(max-width: 800px) 100vw, 800px\" \/>\t\t\t\t\t\t\t\t\t\t\t\t\t\t\t<\/div>\n\t\t\t\t<\/div>\n\t\t<div class=\"elementor-element elementor-element-31d5c12a e-grid e-con-full animated-fast elementor-invisible e-con e-child\" data-id=\"31d5c12a\" data-element_type=\"container\" data-settings=\"{&quot;animation&quot;:&quot;fadeIn&quot;,&quot;animation_delay&quot;:250}\">\n\t\t<div class=\"elementor-element elementor-element-8f9a3c7 e-con-full e-flex e-con e-child\" data-id=\"8f9a3c7\" data-element_type=\"container\">\n\t\t\t\t<div class=\"elementor-element elementor-element-6f29c49 elementor-widget elementor-widget-heading\" data-id=\"6f29c49\" data-element_type=\"widget\" data-widget_type=\"heading.default\">\n\t\t\t\t<div class=\"elementor-widget-container\">\n\t\t\t\t\t<h3 class=\"elementor-heading-title elementor-size-default\">I vostri compiti:<\/h3>\t\t\t\t<\/div>\n\t\t\t\t<\/div>\n\t\t\t\t<div class=\"elementor-element elementor-element-c44cd64 elementor-widget elementor-widget-text-editor\" data-id=\"c44cd64\" data-element_type=\"widget\" data-widget_type=\"text-editor.default\">\n\t\t\t\t<div class=\"elementor-widget-container\">\n\t\t\t\t\t\t\t\t\t<ul><li>Trattamento e cura indipendenti e di alta qualit\u00e0 dei nostri pazienti<\/li><li>Lavorare nei settori dell'odontoiatria generale, della protesi, della conservazione dei denti, della chirurgia orale e dell'odontoiatria estetica.<\/li><li>Collaborazione stretta e collegiale in un team interdisciplinare<\/li><\/ul>\t\t\t\t\t\t\t\t<\/div>\n\t\t\t\t<\/div>\n\t\t\t\t<\/div>\n\t\t<div class=\"elementor-element elementor-element-9794076 e-con-full e-flex e-con e-child\" data-id=\"9794076\" data-element_type=\"container\">\n\t\t\t\t<div class=\"elementor-element elementor-element-8e85129 elementor-widget elementor-widget-heading\" data-id=\"8e85129\" data-element_type=\"widget\" data-widget_type=\"heading.default\">\n\t\t\t\t<div class=\"elementor-widget-container\">\n\t\t\t\t\t<h3 class=\"elementor-heading-title elementor-size-default\">Il profilo dei vostri requisiti:<\/h3>\t\t\t\t<\/div>\n\t\t\t\t<\/div>\n\t\t\t\t<div class=\"elementor-element elementor-element-b6234b5 elementor-widget elementor-widget-text-editor\" data-id=\"b6234b5\" data-element_type=\"widget\" data-widget_type=\"text-editor.default\">\n\t\t\t\t<div class=\"elementor-widget-container\">\n\t\t\t\t\t\t\t\t\t<ul><li>Licenza di pratica tedesca o svizzera \/ licenza professionale<\/li><li>Dottorato di ricerca completato con successo<\/li><li>Almeno 5 anni di esperienza professionale in odontoiatria di alta qualit\u00e0<\/li><li>Conoscenza approfondita di tutti i settori dell'odontoiatria moderna<\/li><li>Lavorare con le lenti d'ingrandimento \u00e8 una cosa ovvia per voi.<\/li><li>Elevato livello di responsabilit\u00e0 personale, affidabilit\u00e0 e forte capacit\u00e0 di lavorare in team<\/li><li>Passione per la propria professione e desiderio di una collaborazione a lungo termine in un team forte<\/li><\/ul>\t\t\t\t\t\t\t\t<\/div>\n\t\t\t\t<\/div>\n\t\t\t\t<\/div>\n\t\t<div class=\"elementor-element elementor-element-7c14cc0 e-con-full e-flex e-con e-child\" data-id=\"7c14cc0\" data-element_type=\"container\">\n\t\t\t\t<div class=\"elementor-element elementor-element-6fadd9b elementor-widget elementor-widget-heading\" data-id=\"6fadd9b\" data-element_type=\"widget\" data-widget_type=\"heading.default\">\n\t\t\t\t<div class=\"elementor-widget-container\">\n\t\t\t\t\t<h3 class=\"elementor-heading-title elementor-size-default\">La nostra offerta:<\/h3>\t\t\t\t<\/div>\n\t\t\t\t<\/div>\n\t\t\t\t<div class=\"elementor-element elementor-element-d297cd8 elementor-widget elementor-widget-text-editor\" data-id=\"d297cd8\" data-element_type=\"widget\" data-widget_type=\"text-editor.default\">\n\t\t\t\t<div class=\"elementor-widget-container\">\n\t\t\t\t\t\t\t\t\t<ul><li>Un team caloroso e solidale che lavora insieme e si rafforza reciprocamente<\/li><li>Clinica dentale all'avanguardia, completamente digitalizzata, con i pi\u00f9 elevati standard tecnici e igienici<\/li><li>Un modello di remunerazione attraente e trasparente, che riconosce la vostra esperienza e le vostre prestazioni.<\/li><li>Posizione centrale a Lucerna con collegamenti e infrastrutture ottimali<\/li><li>Supporto continuo per il vostro sviluppo professionale e personale<\/li><li>Un ambiente di lavoro che prende sul serio la vostra passione per l'odontoiatria e la promuove a lungo termine<\/li><\/ul><p>Per saperne di pi\u00f9 su di noi, visitate il sito: <a href=\"https:\/\/zahnarzt-in-luzern.ch\/it\/servizio\/\">Dentista Lucerna<\/a><\/p>\t\t\t\t\t\t\t\t<\/div>\n\t\t\t\t<\/div>\n\t\t\t\t<\/div>\n\t\t<div class=\"elementor-element elementor-element-8827a3a e-con-full e-flex e-con e-child\" data-id=\"8827a3a\" data-element_type=\"container\">\n\t\t\t\t<div class=\"elementor-element elementor-element-85fdbd5 elementor-widget elementor-widget-heading\" data-id=\"85fdbd5\" data-element_type=\"widget\" data-widget_type=\"heading.default\">\n\t\t\t\t<div class=\"elementor-widget-container\">\n\t\t\t\t\t<h3 class=\"elementor-heading-title elementor-size-default\">Vi sentite indirizzati? Saremo lieti di ascoltarvi!<\/h3>\t\t\t\t<\/div>\n\t\t\t\t<\/div>\n\t\t\t\t<div class=\"elementor-element elementor-element-4789549 elementor-widget elementor-widget-text-editor\" data-id=\"4789549\" data-element_type=\"widget\" data-widget_type=\"text-editor.default\">\n\t\t\t\t<div class=\"elementor-widget-container\">\n\t\t\t\t\t\t\t\t\t<p><strong>Perch\u00e9 vi sentirete a casa con noi:<br \/><\/strong>Perch\u00e9 con noi non siete solo un dentista, ma una parte preziosa di un team che valorizza il vostro lavoro, promuove le vostre competenze e vi d\u00e0 l'apprezzamento che meritate. Le persone sono al centro di tutto ci\u00f2 che facciamo, sia i pazienti che i dipendenti.<\/p><p><strong>Saremo lieti di ricevere la vostra candidatura!<\/strong><br \/>Si prega di inviare i documenti completi (CV con foto, certificati, diplomi) in formato PDF via e-mail.<\/p><p><strong>Clinica dentale Lucerna<\/strong><br \/>Pilatusstrasse 18<br \/>6003 Lucerna<\/p><p>Telefono: <a href=\"tel:+41 41 210 77 10\">+41 41 210 77 10<\/a><br \/>E-mail: <a href=\"mailto:info@zahnarzt-lu.ch\">info@zahnarzt-lu.ch<\/a><\/p>\t\t\t\t\t\t\t\t<\/div>\n\t\t\t\t<\/div>\n\t\t\t\t<\/div>\n\t\t\t\t<\/div>\n\t\t\t\t\t<\/div>\n\t\t\t\t<\/div>\n\t\t\t\t\t<\/div>\n\t\t\t\t<\/div>\n\t\t<div class=\"elementor-element elementor-element-1fd4dc9 e-flex e-con-boxed e-con e-parent\" data-id=\"1fd4dc9\" data-element_type=\"container\" data-settings=\"{&quot;background_background&quot;:&quot;classic&quot;}\">\n\t\t\t\t\t<div class=\"e-con-inner\">\n\t\t\t\t<div class=\"elementor-element elementor-element-dcf47cb elementor-widget elementor-widget-video\" data-id=\"dcf47cb\" data-element_type=\"widget\" data-settings=\"{&quot;youtube_url&quot;:&quot;https:\\\/\\\/www.youtube.com\\\/watch?v=cxlQZqb5v0Q&quot;,&quot;loop&quot;:&quot;yes&quot;,&quot;video_type&quot;:&quot;youtube&quot;,&quot;controls&quot;:&quot;yes&quot;}\" data-widget_type=\"video.default\">\n\t\t\t\t<div class=\"elementor-widget-container\">\n\t\t\t\t\t\t\t<div class=\"elementor-wrapper elementor-open-inline\">\n\t\t\t<div class=\"elementor-video\"><\/div>\t\t<\/div>\n\t\t\t\t\t\t<\/div>\n\t\t\t\t<\/div>\n\t\t\t\t\t<\/div>\n\t\t\t\t<\/div>\n\t\t\t\t<\/div>","protected":false},"excerpt":{"rendered":"<p>Rilascio: 11.12.2025 Dentista 20-100% Per tutti coloro che comprendono l'eccellenza odontoiatrica non solo come professione, ma come vocazione. Contatti Descrizione del lavoro Benvenuti alla Clinica Dentale di Lucerna! Siamo una clinica dentistica moderna e orientata alla qualit\u00e0 nel cuore di Lucerna e offriamo l'intera gamma dell'odontoiatria \u2013 sempre ai massimi livelli scientifici e tecnici. Ci impegniamo a [...]<\/p>","protected":false},"author":1,"featured_media":0,"parent":4197,"menu_order":2,"comment_status":"closed","ping_status":"closed","template":"","meta":{"footnotes":""},"class_list":["post-8568","page","type-page","status-publish","hentry"],"_links":{"self":[{"href":"https:\/\/zahnarzt-in-luzern.ch\/it\/wp-json\/wp\/v2\/pages\/8568","targetHints":{"allow":["GET"]}}],"collection":[{"href":"https:\/\/zahnarzt-in-luzern.ch\/it\/wp-json\/wp\/v2\/pages"}],"about":[{"href":"https:\/\/zahnarzt-in-luzern.ch\/it\/wp-json\/wp\/v2\/types\/page"}],"author":[{"embeddable":true,"href":"https:\/\/zahnarzt-in-luzern.ch\/it\/wp-json\/wp\/v2\/users\/1"}],"replies":[{"embeddable":true,"href":"https:\/\/zahnarzt-in-luzern.ch\/it\/wp-json\/wp\/v2\/comments?post=8568"}],"version-history":[{"count":97,"href":"https:\/\/zahnarzt-in-luzern.ch\/it\/wp-json\/wp\/v2\/pages\/8568\/revisions"}],"predecessor-version":[{"id":9022,"href":"https:\/\/zahnarzt-in-luzern.ch\/it\/wp-json\/wp\/v2\/pages\/8568\/revisions\/9022"}],"up":[{"embeddable":true,"href":"https:\/\/zahnarzt-in-luzern.ch\/it\/wp-json\/wp\/v2\/pages\/4197"}],"wp:attachment":[{"href":"https:\/\/zahnarzt-in-luzern.ch\/it\/wp-json\/wp\/v2\/media?parent=8568"}],"curies":[{"name":"wp","href":"https:\/\/api.w.org\/{rel}","templated":true}]}}