{"id":4197,"date":"2024-09-23T09:14:57","date_gmt":"2024-09-23T09:14:57","guid":{"rendered":"https:\/\/zl.gefire.org\/?page_id=4197"},"modified":"2025-07-28T11:51:27","modified_gmt":"2025-07-28T09:51:27","slug":"jobs","status":"publish","type":"page","link":"https:\/\/zahnarzt-in-luzern.ch\/fr\/jobs\/","title":{"rendered":"Emplois"},"content":{"rendered":"<div data-elementor-type=\"wp-page\" data-elementor-id=\"4197\" class=\"elementor elementor-4197\" data-elementor-post-type=\"page\">\n\t\t\t\t<div class=\"elementor-element elementor-element-324f2090 e-flex e-con-boxed e-con e-parent\" data-id=\"324f2090\" data-element_type=\"container\" data-settings=\"{&quot;background_background&quot;:&quot;gradient&quot;}\">\n\t\t\t\t\t<div class=\"e-con-inner\">\n\t\t<div class=\"elementor-element elementor-element-22af0dd5 e-grid e-con-full e-con e-child\" data-id=\"22af0dd5\" data-element_type=\"container\">\n\t\t<div class=\"elementor-element elementor-element-45816af8 animated-fast e-con-full e-flex elementor-invisible e-con e-child\" data-id=\"45816af8\" data-element_type=\"container\" data-settings=\"{&quot;animation&quot;:&quot;fadeIn&quot;,&quot;animation_delay&quot;:500}\">\n\t\t\t\t<div class=\"elementor-element elementor-element-5feea618 elementor-widget elementor-widget-heading\" data-id=\"5feea618\" data-element_type=\"widget\" data-widget_type=\"heading.default\">\n\t\t\t\t<div class=\"elementor-widget-container\">\n\t\t\t\t\t<p class=\"elementor-heading-title elementor-size-default\">\u00c0 propos de nous<\/p>\t\t\t\t<\/div>\n\t\t\t\t<\/div>\n\t\t\t\t<div class=\"elementor-element elementor-element-32fd074a elementor-widget__width-initial elementor-widget elementor-widget-heading\" data-id=\"32fd074a\" data-element_type=\"widget\" data-widget_type=\"heading.default\">\n\t\t\t\t<div class=\"elementor-widget-container\">\n\t\t\t\t\t<h1 class=\"elementor-heading-title elementor-size-default\">Emplois vacants -\nDentiste Lucerne<\/h1>\t\t\t\t<\/div>\n\t\t\t\t<\/div>\n\t\t\t\t<div class=\"elementor-element elementor-element-6cd2e3fb elementor-widget__width-initial elementor-widget-mobile__width-inherit elementor-widget elementor-widget-text-editor\" data-id=\"6cd2e3fb\" data-element_type=\"widget\" data-widget_type=\"text-editor.default\">\n\t\t\t\t<div class=\"elementor-widget-container\">\n\t\t\t\t\t\t\t\t\t<p>Fixer des objectifs personnels et atteindre des objectifs communs<\/p>\t\t\t\t\t\t\t\t<\/div>\n\t\t\t\t<\/div>\n\t\t<div class=\"elementor-element elementor-element-611e7af4 e-con-full e-flex e-con e-child\" data-id=\"611e7af4\" data-element_type=\"container\">\n\t\t\t\t<div class=\"elementor-element elementor-element-1d8833e7 elementor-mobile-align-justify elementor-widget-mobile__width-inherit elementor-widget elementor-widget-button\" data-id=\"1d8833e7\" data-element_type=\"widget\" data-widget_type=\"button.default\">\n\t\t\t\t<div class=\"elementor-widget-container\">\n\t\t\t\t\t\t\t\t\t<div class=\"elementor-button-wrapper\">\n\t\t\t\t\t<a class=\"elementor-button elementor-button-link elementor-size-sm\" href=\"https:\/\/zahnarzt-in-luzern.ch\/fr\/contact-dentiste-lucerne\/\">\n\t\t\t\t\t\t<span class=\"elementor-button-content-wrapper\">\n\t\t\t\t\t\t\t\t\t<span class=\"elementor-button-text\">Prendre contact<\/span>\n\t\t\t\t\t<\/span>\n\t\t\t\t\t<\/a>\n\t\t\t\t<\/div>\n\t\t\t\t\t\t\t\t<\/div>\n\t\t\t\t<\/div>\n\t\t\t\t<\/div>\n\t\t\t\t<\/div>\n\t\t<div class=\"elementor-element elementor-element-4eda5a63 e-con-full e-flex e-con e-child\" data-id=\"4eda5a63\" data-element_type=\"container\">\n\t\t<div class=\"elementor-element elementor-element-0714cf6 e-con-full animated-fast e-flex elementor-invisible e-con e-child\" data-id=\"0714cf6\" data-element_type=\"container\" data-settings=\"{&quot;background_background&quot;:&quot;classic&quot;,&quot;animation&quot;:&quot;fadeIn&quot;,&quot;animation_delay&quot;:250}\">\n\t\t\t\t<div class=\"elementor-element elementor-element-d34c7b3 elementor-widget elementor-widget-video\" data-id=\"d34c7b3\" data-element_type=\"widget\" data-settings=\"{&quot;youtube_url&quot;:&quot;https:\\\/\\\/www.youtube.com\\\/watch?v=cxlQZqb5v0Q&quot;,&quot;show_image_overlay&quot;:&quot;yes&quot;,&quot;image_overlay&quot;:{&quot;url&quot;:&quot;https:\\\/\\\/zahnarzt-in-luzern.ch\\\/wp-content\\\/uploads\\\/notfallzahnarzt-luzern-modernste-zahnmedizin-dentalhygiene.jpg&quot;,&quot;id&quot;:3081,&quot;size&quot;:&quot;&quot;,&quot;alt&quot;:&quot;&quot;,&quot;source&quot;:&quot;library&quot;},&quot;lightbox&quot;:&quot;yes&quot;,&quot;video_type&quot;:&quot;youtube&quot;}\" data-widget_type=\"video.default\">\n\t\t\t\t<div class=\"elementor-widget-container\">\n\t\t\t\t\t\t\t<div class=\"elementor-wrapper elementor-open-lightbox\">\n\t\t\t\t\t\t\t<div class=\"elementor-custom-embed-image-overlay\" data-elementor-open-lightbox=\"yes\" data-elementor-lightbox=\"{&quot;type&quot;:&quot;video&quot;,&quot;videoType&quot;:&quot;youtube&quot;,&quot;url&quot;:&quot;https:\\\/\\\/www.youtube.com\\\/embed\\\/cxlQZqb5v0Q?feature=oembed&amp;start&amp;end&amp;wmode=opaque&amp;loop=0&amp;controls=0&amp;mute=0&amp;rel=0&amp;modestbranding=0&quot;,&quot;autoplay&quot;:&quot;&quot;,&quot;modalOptions&quot;:{&quot;id&quot;:&quot;elementor-lightbox-d34c7b3&quot;,&quot;entranceAnimation&quot;:&quot;&quot;,&quot;entranceAnimation_tablet&quot;:&quot;&quot;,&quot;entranceAnimation_mobile&quot;:&quot;&quot;,&quot;videoAspectRatio&quot;:&quot;32&quot;}}\" data-e-action-hash=\"#elementor-action%3Aaction%3Dlightbox%26settings%3DeyJ0eXBlIjoidmlkZW8iLCJ2aWRlb1R5cGUiOiJ5b3V0dWJlIiwidXJsIjoiaHR0cHM6XC9cL3d3dy55b3V0dWJlLmNvbVwvZW1iZWRcL2N4bFFacWI1djBRP2ZlYXR1cmU9b2VtYmVkJnN0YXJ0JmVuZCZ3bW9kZT1vcGFxdWUmbG9vcD0wJmNvbnRyb2xzPTAmbXV0ZT0wJnJlbD0wJm1vZGVzdGJyYW5kaW5nPTAiLCJhdXRvcGxheSI6IiIsIm1vZGFsT3B0aW9ucyI6eyJpZCI6ImVsZW1lbnRvci1saWdodGJveC1kMzRjN2IzIiwiZW50cmFuY2VBbmltYXRpb24iOiIiLCJlbnRyYW5jZUFuaW1hdGlvbl90YWJsZXQiOiIiLCJlbnRyYW5jZUFuaW1hdGlvbl9tb2JpbGUiOiIiLCJ2aWRlb0FzcGVjdFJhdGlvIjoiMzIifX0%3D\">\n\t\t\t\t\t\t\t\t\t\t\t<img fetchpriority=\"high\" decoding=\"async\" width=\"2000\" height=\"1334\" src=\"https:\/\/zahnarzt-in-luzern.ch\/wp-content\/uploads\/notfallzahnarzt-luzern-modernste-zahnmedizin-dentalhygiene.jpg\" class=\"attachment-full size-full wp-image-3081\" alt=\"\" srcset=\"https:\/\/zahnarzt-in-luzern.ch\/wp-content\/uploads\/notfallzahnarzt-luzern-modernste-zahnmedizin-dentalhygiene.jpg 2000w, https:\/\/zahnarzt-in-luzern.ch\/wp-content\/uploads\/notfallzahnarzt-luzern-modernste-zahnmedizin-dentalhygiene-300x200.jpg 300w, https:\/\/zahnarzt-in-luzern.ch\/wp-content\/uploads\/notfallzahnarzt-luzern-modernste-zahnmedizin-dentalhygiene-1024x683.jpg 1024w, https:\/\/zahnarzt-in-luzern.ch\/wp-content\/uploads\/notfallzahnarzt-luzern-modernste-zahnmedizin-dentalhygiene-768x512.jpg 768w, https:\/\/zahnarzt-in-luzern.ch\/wp-content\/uploads\/notfallzahnarzt-luzern-modernste-zahnmedizin-dentalhygiene-1536x1025.jpg 1536w\" sizes=\"(max-width: 2000px) 100vw, 2000px\" \/>\t\t\t\t\t\t\t\t\t\t\t\t\t\t<\/div>\n\t\t\t\t\t<\/div>\n\t\t\t\t\t\t<\/div>\n\t\t\t\t<\/div>\n\t\t\t\t<div class=\"elementor-element elementor-element-f3438e4 elementor-absolute animated-fast e-transform elementor-view-default elementor-invisible elementor-widget elementor-widget-icon\" data-id=\"f3438e4\" data-element_type=\"widget\" data-settings=\"{&quot;_position&quot;:&quot;absolute&quot;,&quot;_animation&quot;:&quot;fadeInUp&quot;,&quot;_transform_scale_effect_hover&quot;:{&quot;unit&quot;:&quot;px&quot;,&quot;size&quot;:1.1999999999999999555910790149937383830547332763671875,&quot;sizes&quot;:[]},&quot;_transform_scale_effect_hover_widescreen&quot;:{&quot;unit&quot;:&quot;px&quot;,&quot;size&quot;:&quot;&quot;,&quot;sizes&quot;:[]},&quot;_transform_scale_effect_hover_laptop&quot;:{&quot;unit&quot;:&quot;px&quot;,&quot;size&quot;:&quot;&quot;,&quot;sizes&quot;:[]},&quot;_transform_scale_effect_hover_tablet&quot;:{&quot;unit&quot;:&quot;px&quot;,&quot;size&quot;:&quot;&quot;,&quot;sizes&quot;:[]},&quot;_transform_scale_effect_hover_mobile&quot;:{&quot;unit&quot;:&quot;px&quot;,&quot;size&quot;:&quot;&quot;,&quot;sizes&quot;:[]}}\" data-widget_type=\"icon.default\">\n\t\t\t\t<div class=\"elementor-widget-container\">\n\t\t\t\t\t\t\t<div class=\"elementor-icon-wrapper\">\n\t\t\t<a class=\"elementor-icon\" href=\"#elementor-action%3Aaction%3Dpopup%3Aopen%26settings%3DeyJpZCI6IjMwNTQiLCJ0b2dnbGUiOmZhbHNlfQ%3D%3D\">\n\t\t\t<svg xmlns=\"http:\/\/www.w3.org\/2000\/svg\" width=\"100\" height=\"100\" viewbox=\"0 0 100 100\" fill=\"none\"><g clip-path=\"url(#clip0_111_6)\"><path opacity=\"0.16\" d=\"M50 100C77.6142 100 100 77.6142 100 50C100 22.3858 77.6142 0 50 0C22.3858 0 0 22.3858 0 50C0 77.6142 22.3858 100 50 100Z\" fill=\"white\"><\/path><path opacity=\"0.2\" d=\"M50.0004 90.7567C72.5095 90.7567 90.7567 72.5095 90.7567 50.0004C90.7567 27.4914 72.5095 9.24414 50.0004 9.24414C27.4914 9.24414 9.24414 27.4914 9.24414 50.0004C9.24414 72.5095 27.4914 90.7567 50.0004 90.7567Z\" fill=\"white\"><\/path><path d=\"M50.0009 81.5115C67.4048 81.5115 81.5135 67.4029 81.5135 49.9989C81.5135 32.595 67.4048 18.4863 50.0009 18.4863C32.597 18.4863 18.4883 32.595 18.4883 49.9989C18.4883 67.4029 32.597 81.5115 50.0009 81.5115Z\" fill=\"#E5AC60\"><\/path><path d=\"M56.0231 49.0453L45.9391 43.0848C45.7437 42.9696 45.5055 42.9722 45.3126 43.0901C45.1185 43.2093 45 43.4265 45 43.6623V55.5834C45 55.8191 45.1185 56.0364 45.3126 56.1556C45.4109 56.2152 45.5206 56.2457 45.6303 56.2457C45.7361 56.2457 45.8433 56.2178 45.9391 56.1609L56.0231 50.2004C56.221 50.0825 56.3445 49.8626 56.3445 49.6228C56.3445 49.3831 56.221 49.1632 56.0231 49.0453Z\" fill=\"white\"><\/path><\/g><defs><clippath id=\"clip0_111_6\"><rect width=\"100\" height=\"100\" fill=\"white\"><\/rect><\/clippath><\/defs><\/svg>\t\t\t<\/a>\n\t\t<\/div>\n\t\t\t\t\t\t<\/div>\n\t\t\t\t<\/div>\n\t\t\t\t<\/div>\n\t\t\t\t<\/div>\n\t\t\t\t<\/div>\n\t\t\t\t\t<\/div>\n\t\t\t\t<\/div>\n\t\t<div class=\"elementor-element elementor-element-36b1eb61 e-flex e-con-boxed e-con e-parent\" data-id=\"36b1eb61\" data-element_type=\"container\" data-settings=\"{&quot;background_background&quot;:&quot;classic&quot;}\">\n\t\t\t\t\t<div class=\"e-con-inner\">\n\t\t<div class=\"elementor-element elementor-element-8854fff e-flex e-con-boxed e-con e-child\" data-id=\"8854fff\" data-element_type=\"container\">\n\t\t\t\t\t<div class=\"e-con-inner\">\n\t\t<div class=\"elementor-element elementor-element-117770ea e-grid e-con-full e-con e-child\" data-id=\"117770ea\" data-element_type=\"container\">\n\t\t\t\t<div class=\"elementor-element elementor-element-4efdcb0 elementor-widget elementor-widget-text-editor\" data-id=\"4efdcb0\" data-element_type=\"widget\" data-widget_type=\"text-editor.default\">\n\t\t\t\t<div class=\"elementor-widget-container\">\n\t\t\t\t\t\t\t\t\t<h2><strong>Envie d'un travail qui enthousiasme vraiment ?<br \/><\/strong><\/h2><p>La m\u00e9decine dentaire est ta passion ? Tu ne veux pas simplement travailler, mais faire vraiment la diff\u00e9rence au sein d'une \u00e9quipe moderne et dynamique ?<br \/>Alors tu es \u00e0 la bonne adresse chez nous.<\/p><p><strong>Ce que nous recherchons<\/strong><\/p><ul><li>Joueur d'\u00e9quipe avec puissance et passion pour la m\u00e9decine dentaire<\/li><li>des personnes qui ont le sens du service et qui aiment travailler avec les autres<\/li><li>des professionnels fiables, engag\u00e9s et ouverts \u00e0 la nouveaut\u00e9<\/li><li>Des talents qui veulent grandir avec nous \u00e0 long terme<\/li><li>Professionnels exp\u00e9riment\u00e9s souhaitant apporter et d\u00e9velopper leurs connaissances<\/li><li>Des personnalit\u00e9s professionnelles qui convainquent par leur pr\u00e9cision et leur qualit\u00e9<\/li><\/ul><p><strong>Ce que nous offrons<\/strong><\/p><ul><li>Flexibilit\u00e9 : temps partiel, temps plein, travail en \u00e9quipe - c'est toi qui d\u00e9cides<\/li><li>Syst\u00e8me de bonus : ton engagement est payant<\/li><li>Formation continue et opportunit\u00e9s de carri\u00e8re : nous encourageons ta croissance<\/li><li>\u00c9v\u00e9nements d'\u00e9quipe et conditions de travail optimales : parce que le travail doit aussi \u00eatre un plaisir<\/li><li>Saisie \u00e9lectronique des temps et flexibilit\u00e9 des cong\u00e9s : pour un v\u00e9ritable \u00e9quilibre entre vie professionnelle et vie priv\u00e9e<\/li><\/ul><p><strong>Postes actuellement vacants :<\/strong><\/p><ul><li><a href=\"\/fr\/jobs\/dentiste-lucerne\/\">Dentiste (20-100 %)<\/a><\/li><li><a href=\"\/fr\/jobs\/secreteur-dentaire\/\">Secr\u00e9taire dentaire (100 %)<\/a><\/li><li><a href=\"https:\/\/zahnarzt-in-luzern.ch\/fr\/jobs\/dentalassistent-in\/\">Assistant(e) dentaire (20-100%)<\/a><\/li><\/ul><p>\u00c7a semble bien ?<br \/>Alors envoie-nous ta candidature avec la mention \"poste vacant\" par e-mail \u00e0 <a href=\"mailto:info@zahnarzt-lu.ch\">info@zahnarzt-lu.ch<\/a><\/p><p><strong>Nous nous r\u00e9jouissons de faire ta connaissance !<\/strong><\/p>\t\t\t\t\t\t\t\t<\/div>\n\t\t\t\t<\/div>\n\t\t\t\t<div class=\"elementor-element elementor-element-e436cbe elementor-widget elementor-widget-image\" data-id=\"e436cbe\" data-element_type=\"widget\" data-widget_type=\"image.default\">\n\t\t\t\t<div class=\"elementor-widget-container\">\n\t\t\t\t\t\t\t\t\t\t\t\t\t\t\t<img decoding=\"async\" width=\"683\" height=\"1024\" src=\"https:\/\/zahnarzt-in-luzern.ch\/wp-content\/uploads\/zahnklinik-in-luzrn-behandlung-dentalhygiene-683x1024.jpg\" class=\"attachment-large size-large wp-image-2826\" alt=\"\" srcset=\"https:\/\/zahnarzt-in-luzern.ch\/wp-content\/uploads\/zahnklinik-in-luzrn-behandlung-dentalhygiene-683x1024.jpg 683w, https:\/\/zahnarzt-in-luzern.ch\/wp-content\/uploads\/zahnklinik-in-luzrn-behandlung-dentalhygiene-200x300.jpg 200w, https:\/\/zahnarzt-in-luzern.ch\/wp-content\/uploads\/zahnklinik-in-luzrn-behandlung-dentalhygiene-768x1152.jpg 768w, https:\/\/zahnarzt-in-luzern.ch\/wp-content\/uploads\/zahnklinik-in-luzrn-behandlung-dentalhygiene-1024x1536.jpg 1024w, https:\/\/zahnarzt-in-luzern.ch\/wp-content\/uploads\/zahnklinik-in-luzrn-behandlung-dentalhygiene-1365x2048.jpg 1365w, https:\/\/zahnarzt-in-luzern.ch\/wp-content\/uploads\/zahnklinik-in-luzrn-behandlung-dentalhygiene.jpg 1500w\" sizes=\"(max-width: 683px) 100vw, 683px\" \/>\t\t\t\t\t\t\t\t\t\t\t\t\t\t\t<\/div>\n\t\t\t\t<\/div>\n\t\t\t\t<\/div>\n\t\t\t\t\t<\/div>\n\t\t\t\t<\/div>\n\t\t\t\t\t<\/div>\n\t\t\t\t<\/div>\n\t\t\t\t<\/div>","protected":false},"excerpt":{"rendered":"<p>\u00c0 propos de nous Offres d'emploi \u2013 Dentiste Lucerne D\u00e9finir des objectifs personnels et les atteindre ensemble. Contactez-nous Envie d'un job qui vous passionne vraiment ? La dentisterie est votre passion ? Vous ne voulez pas simplement travailler, mais faire une r\u00e9elle diff\u00e9rence dans une \u00e9quipe moderne et dynamique ? Alors vous \u00eates au bon endroit. Ce que nous recherchons : Esprit d'\u00e9quipe avec du dynamisme et [...]<\/p>","protected":false},"author":2,"featured_media":0,"parent":0,"menu_order":24,"comment_status":"closed","ping_status":"closed","template":"","meta":{"footnotes":""},"class_list":["post-4197","page","type-page","status-publish","hentry"],"_links":{"self":[{"href":"https:\/\/zahnarzt-in-luzern.ch\/fr\/wp-json\/wp\/v2\/pages\/4197","targetHints":{"allow":["GET"]}}],"collection":[{"href":"https:\/\/zahnarzt-in-luzern.ch\/fr\/wp-json\/wp\/v2\/pages"}],"about":[{"href":"https:\/\/zahnarzt-in-luzern.ch\/fr\/wp-json\/wp\/v2\/types\/page"}],"author":[{"embeddable":true,"href":"https:\/\/zahnarzt-in-luzern.ch\/fr\/wp-json\/wp\/v2\/users\/2"}],"replies":[{"embeddable":true,"href":"https:\/\/zahnarzt-in-luzern.ch\/fr\/wp-json\/wp\/v2\/comments?post=4197"}],"version-history":[{"count":137,"href":"https:\/\/zahnarzt-in-luzern.ch\/fr\/wp-json\/wp\/v2\/pages\/4197\/revisions"}],"predecessor-version":[{"id":8914,"href":"https:\/\/zahnarzt-in-luzern.ch\/fr\/wp-json\/wp\/v2\/pages\/4197\/revisions\/8914"}],"wp:attachment":[{"href":"https:\/\/zahnarzt-in-luzern.ch\/fr\/wp-json\/wp\/v2\/media?parent=4197"}],"curies":[{"name":"wp","href":"https:\/\/api.w.org\/{rel}","templated":true}]}}