{"id":3886,"date":"2024-09-23T05:49:02","date_gmt":"2024-09-23T05:49:02","guid":{"rendered":"https:\/\/zl.gefire.org\/?page_id=3886"},"modified":"2024-11-13T07:41:31","modified_gmt":"2024-11-13T07:41:31","slug":"schnarchtherapie","status":"publish","type":"page","link":"https:\/\/zahnarzt-in-luzern.ch\/fr\/therapie-contre-le-ronflement\/","title":{"rendered":"Th\u00e9rapie contre le ronflement"},"content":{"rendered":"<div data-elementor-type=\"wp-page\" data-elementor-id=\"3886\" class=\"elementor elementor-3886\" data-elementor-post-type=\"page\">\n\t\t\t\t<div class=\"elementor-element elementor-element-164a9662 e-flex e-con-boxed e-con e-parent\" data-id=\"164a9662\" data-element_type=\"container\" data-settings=\"{&quot;background_background&quot;:&quot;gradient&quot;}\">\n\t\t\t\t\t<div class=\"e-con-inner\">\n\t\t<div class=\"elementor-element elementor-element-6bd8515 e-grid e-con-full e-con e-child\" data-id=\"6bd8515\" data-element_type=\"container\">\n\t\t<div class=\"elementor-element elementor-element-58cae78e animated-fast e-con-full e-flex elementor-invisible e-con e-child\" data-id=\"58cae78e\" data-element_type=\"container\" data-settings=\"{&quot;animation&quot;:&quot;fadeIn&quot;,&quot;animation_delay&quot;:500}\">\n\t\t\t\t<div class=\"elementor-element elementor-element-567828d8 elementor-widget elementor-widget-heading\" data-id=\"567828d8\" data-element_type=\"widget\" data-widget_type=\"heading.default\">\n\t\t\t\t<div class=\"elementor-widget-container\">\n\t\t\t\t\t<p class=\"elementor-heading-title elementor-size-default\">Un sommeil paisible - une meilleure vie - une meilleure qualit\u00e9 de vie<\/p>\t\t\t\t<\/div>\n\t\t\t\t<\/div>\n\t\t\t\t<div class=\"elementor-element elementor-element-2fa9e195 elementor-widget__width-initial elementor-widget elementor-widget-heading\" data-id=\"2fa9e195\" data-element_type=\"widget\" data-widget_type=\"heading.default\">\n\t\t\t\t<div class=\"elementor-widget-container\">\n\t\t\t\t\t<h1 class=\"elementor-heading-title elementor-size-default\">Th\u00e9rapie contre le ronflement<\/h1>\t\t\t\t<\/div>\n\t\t\t\t<\/div>\n\t\t\t\t<div class=\"elementor-element elementor-element-a73e31a elementor-widget__width-initial elementor-widget-mobile__width-inherit elementor-widget elementor-widget-text-editor\" data-id=\"a73e31a\" data-element_type=\"widget\" data-widget_type=\"text-editor.default\">\n\t\t\t\t<div class=\"elementor-widget-container\">\n\t\t\t\t\t\t\t\t\t<p>Gr\u00e2ce \u00e0 une goutti\u00e8re anti-ronflement et \u00e0 la th\u00e9rapie contre le ronflement, vous am\u00e9liorez la qualit\u00e9 de votre sommeil et \u00e9vitez les troubles respiratoires ainsi que les ronflements bruyants. Offrez-vous un sommeil calme et r\u00e9parateur.<\/p>\t\t\t\t\t\t\t\t<\/div>\n\t\t\t\t<\/div>\n\t\t<div class=\"elementor-element elementor-element-5e0b144 e-con-full e-flex e-con e-child\" data-id=\"5e0b144\" data-element_type=\"container\">\n\t\t\t\t<div class=\"elementor-element elementor-element-c2bb35f elementor-mobile-align-justify elementor-widget-mobile__width-inherit elementor-widget elementor-widget-button\" data-id=\"c2bb35f\" data-element_type=\"widget\" data-widget_type=\"button.default\">\n\t\t\t\t<div class=\"elementor-widget-container\">\n\t\t\t\t\t\t\t\t\t<div class=\"elementor-button-wrapper\">\n\t\t\t\t\t<a class=\"elementor-button elementor-button-link elementor-size-sm\" href=\"https:\/\/zahnarzt-in-luzern.ch\/fr\/prendre-rendez-vous\/\">\n\t\t\t\t\t\t<span class=\"elementor-button-content-wrapper\">\n\t\t\t\t\t\t\t\t\t<span class=\"elementor-button-text\">Prendre rendez-vous chez le dentiste<\/span>\n\t\t\t\t\t<\/span>\n\t\t\t\t\t<\/a>\n\t\t\t\t<\/div>\n\t\t\t\t\t\t\t\t<\/div>\n\t\t\t\t<\/div>\n\t\t\t\t<div class=\"elementor-element elementor-element-a8aa3f0 elementor-mobile-align-justify elementor-widget-mobile__width-inherit elementor-widget elementor-widget-button\" data-id=\"a8aa3f0\" data-element_type=\"widget\" data-widget_type=\"button.default\">\n\t\t\t\t<div class=\"elementor-widget-container\">\n\t\t\t\t\t\t\t\t\t<div class=\"elementor-button-wrapper\">\n\t\t\t\t\t<a class=\"elementor-button elementor-button-link elementor-size-sm\" href=\"https:\/\/zahnarzt-in-luzern.ch\/fr\/contact-dentiste-lucerne\/\">\n\t\t\t\t\t\t<span class=\"elementor-button-content-wrapper\">\n\t\t\t\t\t\t\t\t\t<span class=\"elementor-button-text\">Contact<\/span>\n\t\t\t\t\t<\/span>\n\t\t\t\t\t<\/a>\n\t\t\t\t<\/div>\n\t\t\t\t\t\t\t\t<\/div>\n\t\t\t\t<\/div>\n\t\t\t\t<\/div>\n\t\t\t\t<\/div>\n\t\t<div class=\"elementor-element elementor-element-575765d e-con-full e-flex elementor-invisible e-con e-child\" data-id=\"575765d\" data-element_type=\"container\" data-settings=\"{&quot;animation&quot;:&quot;fadeIn&quot;,&quot;animation_delay&quot;:500}\">\n\t\t\t\t<div class=\"elementor-element elementor-element-4fa22e3 elementor-widget elementor-widget-image\" data-id=\"4fa22e3\" data-element_type=\"widget\" data-widget_type=\"image.default\">\n\t\t\t\t<div class=\"elementor-widget-container\">\n\t\t\t\t\t\t\t\t\t\t\t\t\t\t\t<img fetchpriority=\"high\" decoding=\"async\" width=\"1000\" height=\"1334\" src=\"https:\/\/zahnarzt-in-luzern.ch\/wp-content\/uploads\/schnarchtherapie-zahnarzt-luzern-01.webp\" class=\"attachment-full size-full wp-image-6093\" alt=\"Th\u00e9rapie du ronflement dentiste Lucerne\" srcset=\"https:\/\/zahnarzt-in-luzern.ch\/wp-content\/uploads\/schnarchtherapie-zahnarzt-luzern-01.webp 1000w, https:\/\/zahnarzt-in-luzern.ch\/wp-content\/uploads\/schnarchtherapie-zahnarzt-luzern-01-225x300.webp 225w, https:\/\/zahnarzt-in-luzern.ch\/wp-content\/uploads\/schnarchtherapie-zahnarzt-luzern-01-768x1025.webp 768w\" sizes=\"(max-width: 1000px) 100vw, 1000px\" \/>\t\t\t\t\t\t\t\t\t\t\t\t\t\t\t<\/div>\n\t\t\t\t<\/div>\n\t\t\t\t<\/div>\n\t\t\t\t<\/div>\n\t\t\t\t\t<\/div>\n\t\t\t\t<\/div>\n\t\t<div class=\"elementor-element elementor-element-4d997c00 e-flex e-con-boxed e-con e-parent\" data-id=\"4d997c00\" data-element_type=\"container\" data-settings=\"{&quot;background_background&quot;:&quot;classic&quot;}\">\n\t\t\t\t\t<div class=\"e-con-inner\">\n\t\t<div class=\"elementor-element elementor-element-2c200968 e-grid e-con-boxed e-con e-child\" data-id=\"2c200968\" data-element_type=\"container\">\n\t\t\t\t\t<div class=\"e-con-inner\">\n\t\t\t\t<div class=\"elementor-element elementor-element-2e5dd444 elementor-widget elementor-widget-image\" data-id=\"2e5dd444\" data-element_type=\"widget\" data-widget_type=\"image.default\">\n\t\t\t\t<div class=\"elementor-widget-container\">\n\t\t\t\t\t\t\t\t\t\t\t\t\t\t\t<img decoding=\"async\" width=\"259\" height=\"194\" src=\"https:\/\/zahnarzt-in-luzern.ch\/wp-content\/uploads\/schnarchschiene.jpg\" class=\"attachment-full size-full wp-image-3903\" alt=\"\" \/>\t\t\t\t\t\t\t\t\t\t\t\t\t\t\t<\/div>\n\t\t\t\t<\/div>\n\t\t<div class=\"elementor-element elementor-element-572374f0 e-con-full animated-fast e-flex elementor-invisible e-con e-child\" data-id=\"572374f0\" data-element_type=\"container\" data-settings=\"{&quot;animation&quot;:&quot;fadeIn&quot;}\">\n\t\t\t\t<div class=\"elementor-element elementor-element-3b92cc27 elementor-widget elementor-widget-heading\" data-id=\"3b92cc27\" data-element_type=\"widget\" data-widget_type=\"heading.default\">\n\t\t\t\t<div class=\"elementor-widget-container\">\n\t\t\t\t\t<p class=\"elementor-heading-title elementor-size-default\">Un sommeil malsain<\/p>\t\t\t\t<\/div>\n\t\t\t\t<\/div>\n\t\t\t\t<div class=\"elementor-element elementor-element-38c60ac elementor-widget__width-initial elementor-widget-mobile__width-inherit elementor-widget elementor-widget-heading\" data-id=\"38c60ac\" data-element_type=\"widget\" data-widget_type=\"heading.default\">\n\t\t\t\t<div class=\"elementor-widget-container\">\n\t\t\t\t\t<h2 class=\"elementor-heading-title elementor-size-default\">Mieux dormir, mieux vivre et plus longtemps !<\/h2>\t\t\t\t<\/div>\n\t\t\t\t<\/div>\n\t\t<div class=\"elementor-element elementor-element-51d3c48e e-grid e-con-full e-con e-child\" data-id=\"51d3c48e\" data-element_type=\"container\">\n\t\t\t\t<div class=\"elementor-element elementor-element-160e69c0 elementor-widget elementor-widget-text-editor\" data-id=\"160e69c0\" data-element_type=\"widget\" data-widget_type=\"text-editor.default\">\n\t\t\t\t<div class=\"elementor-widget-container\">\n\t\t\t\t\t\t\t\t\t<p>Le sommeil fait partie des besoins fondamentaux de la vie. Nous passons environ un tiers de notre vie \u00e0 dormir. Le sommeil n'est pas un \u00e9tat passif, mais une prestation active de l'organisme, au cours de laquelle se d\u00e9roulent des processus m\u00e9taboliques importants et vitaux. C'est l\u00e0 que toutes les batteries sont recharg\u00e9es. Les troubles respiratoires et les ronflements emp\u00eachent cette \"recharge\" de se faire de mani\u00e8re satisfaisante.<\/p>\n<p>Les ronflements ne d\u00e9rangent pas seulement l'entourage ou le partenaire de lit, ils peuvent aussi limiter la vie et m\u00eame la mettre en danger. Les arr\u00eats respiratoires (apn\u00e9e du sommeil) emp\u00eachent de dormir correctement. Le corps ne re\u00e7oit pas d'oxyg\u00e8ne. Cette situation est extr\u00eamement malsaine pour le cerveau et le c\u0153ur.<\/p>\n<p>En cons\u00e9quence, on peut souffrir d'insuffisance cardiaque, d'hypertension, de troubles de la concentration et de fatigue diurne. Le ronflement provoque une fatigue diurne qui est responsable de nombreux accidents de la route. C'est pour cette raison que nous proposons des th\u00e9rapies contre le ronflement.<\/p>\n<p>Pour les ronfleurs, une goutti\u00e8re dentaire contre le ronflement est souvent une alternative douce au masque cpap ou \u00e0 la chirurgie.<\/p>\t\t\t\t\t\t\t\t<\/div>\n\t\t\t\t<\/div>\n\t\t\t\t<\/div>\n\t\t\t\t<\/div>\n\t\t\t\t\t<\/div>\n\t\t\t\t<\/div>\n\t\t\t\t\t<\/div>\n\t\t\t\t<\/div>\n\t\t<div class=\"elementor-element elementor-element-a1eb041 e-flex e-con-boxed e-con e-parent\" data-id=\"a1eb041\" data-element_type=\"container\" data-settings=\"{&quot;background_background&quot;:&quot;classic&quot;}\">\n\t\t\t\t\t<div class=\"e-con-inner\">\n\t\t<div class=\"elementor-element elementor-element-101fd736 animated-fast e-flex e-con-boxed elementor-invisible e-con e-child\" data-id=\"101fd736\" data-element_type=\"container\" data-settings=\"{&quot;animation&quot;:&quot;fadeIn&quot;,&quot;animation_delay&quot;:0}\">\n\t\t\t\t\t<div class=\"e-con-inner\">\n\t\t\t\t<div class=\"elementor-element elementor-element-2c1391d8 elementor-widget elementor-widget-heading\" data-id=\"2c1391d8\" data-element_type=\"widget\" data-widget_type=\"heading.default\">\n\t\t\t\t<div class=\"elementor-widget-container\">\n\t\t\t\t\t<p class=\"elementor-heading-title elementor-size-default\">Bon \u00e0 savoir<\/p>\t\t\t\t<\/div>\n\t\t\t\t<\/div>\n\t\t\t\t<div class=\"elementor-element elementor-element-7d98f884 elementor-widget elementor-widget-heading\" data-id=\"7d98f884\" data-element_type=\"widget\" data-widget_type=\"heading.default\">\n\t\t\t\t<div class=\"elementor-widget-container\">\n\t\t\t\t\t<h2 class=\"elementor-heading-title elementor-size-default\">Attelles anti-ronflement<\/h2>\t\t\t\t<\/div>\n\t\t\t\t<\/div>\n\t\t\t\t\t<\/div>\n\t\t\t\t<\/div>\n\t\t\t\t\t<\/div>\n\t\t\t\t<\/div>\n\t\t<div class=\"elementor-element elementor-element-ea9956d e-flex e-con-boxed e-con e-parent\" data-id=\"ea9956d\" data-element_type=\"container\" data-settings=\"{&quot;background_background&quot;:&quot;classic&quot;}\">\n\t\t\t\t\t<div class=\"e-con-inner\">\n\t\t<div class=\"elementor-element elementor-element-7562cdc7 e-grid e-con-boxed e-con e-child\" data-id=\"7562cdc7\" data-element_type=\"container\">\n\t\t\t\t\t<div class=\"e-con-inner\">\n\t\t<div class=\"elementor-element elementor-element-46be4282 e-con-full animated-fast e-flex elementor-invisible e-con e-child\" data-id=\"46be4282\" data-element_type=\"container\" data-settings=\"{&quot;animation&quot;:&quot;fadeIn&quot;,&quot;animation_delay&quot;:100}\">\n\t\t\t\t<div class=\"elementor-element elementor-element-8361473 elementor-widget elementor-widget-video\" data-id=\"8361473\" data-element_type=\"widget\" data-settings=\"{&quot;youtube_url&quot;:&quot;https:\\\/\\\/www.youtube.com\\\/watch?v=MD1ghEsSm_U&amp;t=1s&quot;,&quot;video_type&quot;:&quot;youtube&quot;,&quot;controls&quot;:&quot;yes&quot;}\" data-widget_type=\"video.default\">\n\t\t\t\t<div class=\"elementor-widget-container\">\n\t\t\t\t\t\t\t<div class=\"elementor-wrapper elementor-open-inline\">\n\t\t\t<div class=\"elementor-video\"><\/div>\t\t<\/div>\n\t\t\t\t\t\t<\/div>\n\t\t\t\t<\/div>\n\t\t\t\t<div class=\"elementor-element elementor-element-b64334b elementor-widget elementor-widget-text-editor\" data-id=\"b64334b\" data-element_type=\"widget\" data-widget_type=\"text-editor.default\">\n\t\t\t\t<div class=\"elementor-widget-container\">\n\t\t\t\t\t\t\t\t\t<p>C'est surtout en cas de ronflement b\u00e9nin et de formes l\u00e9g\u00e8res \u00e0 moyennes d'apn\u00e9e du sommeil qu'une attelle dite d'avancement mandibulaire (en abr\u00e9g\u00e9 : attelle) peut favoriser un sommeil r\u00e9parateur. La th\u00e9rapie du ronflement veille \u00e0 ce que la m\u00e2choire inf\u00e9rieure ou la langue soient d\u00e9plac\u00e9es vers l'avant. On \u00e9vite ainsi que la langue ne s'abaisse vers l'arri\u00e8re pendant le sommeil et que les muscles rel\u00e2ch\u00e9s du pharynx ne s'affaissent. Les voies respiratoires restent libres, le ronflement et les arr\u00eats respiratoires sont nettement r\u00e9duits, voire m\u00eame supprim\u00e9s dans de nombreux cas.<\/p>\t\t\t\t\t\t\t\t<\/div>\n\t\t\t\t<\/div>\n\t\t\t\t<\/div>\n\t\t<div class=\"elementor-element elementor-element-5f396625 e-con-full animated-fast e-flex elementor-invisible e-con e-child\" data-id=\"5f396625\" data-element_type=\"container\" data-settings=\"{&quot;animation&quot;:&quot;fadeIn&quot;,&quot;animation_delay&quot;:300}\">\n\t\t\t\t<div class=\"elementor-element elementor-element-80d3ca6 elementor-widget elementor-widget-heading\" data-id=\"80d3ca6\" data-element_type=\"widget\" data-widget_type=\"heading.default\">\n\t\t\t\t<div class=\"elementor-widget-container\">\n\t\t\t\t\t<h3 class=\"elementor-heading-title elementor-size-default\">Innovation dans le domaine de la th\u00e9rapie intra-orale du ronflement et de la respiration<\/h3>\t\t\t\t<\/div>\n\t\t\t\t<\/div>\n\t\t\t\t<div class=\"elementor-element elementor-element-2f008e28 elementor-widget elementor-widget-text-editor\" data-id=\"2f008e28\" data-element_type=\"widget\" data-widget_type=\"text-editor.default\">\n\t\t\t\t<div class=\"elementor-widget-container\">\n\t\t\t\t\t\t\t\t\t<p>La goutti\u00e8re que nous utilisons est une toute nouvelle g\u00e9n\u00e9ration dans le domaine des goutti\u00e8res, d\u00e9velopp\u00e9e par une \u00e9quipe interdisciplinaire de sp\u00e9cialistes sp\u00e9cialement pour le traitement des ronflements et des apn\u00e9es du sommeil chez les adultes. Son efficacit\u00e9 clinique dans le traitement du ronflement a \u00e9t\u00e9 prouv\u00e9e par des \u00e9tudes scientifiques.<\/p><p>Les proc\u00e9d\u00e9s CAD \/ CAM les plus modernes, c'est-\u00e0-dire les techniques de fabrication num\u00e9rique assist\u00e9es par ordinateur, permettent une adaptation optimale et au microm\u00e8tre pr\u00e8s \u00e0 la situation individuelle de la m\u00e2choire du patient. Gr\u00e2ce \u00e0 la pr\u00e9cision de l'ajustement, la sensation de corps \u00e9tranger dans la bouche est r\u00e9duite \u00e0 un minimum absolu. La gracieuse goutti\u00e8re en plastique biocompatible (compatible avec le corps humain) se porte exclusivement la nuit. Gr\u00e2ce \u00e0 sa fabrication enti\u00e8rement exempte de m\u00e9tal, elle peut \u00eatre utilis\u00e9e sans probl\u00e8me par les personnes allergiques et les patients \u00e9lectrosensibles.<\/p><p>Notre goutti\u00e8re anti-ronflement vous aide \u00e0 retrouver un sommeil r\u00e9parateur sans ronflement. Votre<br \/>Votre partenaire n'est plus d\u00e9rang\u00e9 par les bruits de ronflement et vous commencez la journ\u00e9e en \u00e9tant repos\u00e9 et bien r\u00e9veill\u00e9 !<\/p>\t\t\t\t\t\t\t\t<\/div>\n\t\t\t\t<\/div>\n\t\t\t\t<\/div>\n\t\t\t\t\t<\/div>\n\t\t\t\t<\/div>\n\t\t\t\t\t<\/div>\n\t\t\t\t<\/div>\n\t\t<div class=\"elementor-element elementor-element-1908867f e-flex e-con-boxed e-con e-parent\" data-id=\"1908867f\" data-element_type=\"container\" data-settings=\"{&quot;background_background&quot;:&quot;classic&quot;}\">\n\t\t\t\t\t<div class=\"e-con-inner\">\n\t\t<div class=\"elementor-element elementor-element-213c7acd e-grid e-con-boxed e-con e-child\" data-id=\"213c7acd\" data-element_type=\"container\">\n\t\t\t\t\t<div class=\"e-con-inner\">\n\t\t<div class=\"elementor-element elementor-element-17e1db8b e-con-full animated-fast elementor-hidden-mobile e-flex elementor-invisible e-con e-child\" data-id=\"17e1db8b\" data-element_type=\"container\" data-settings=\"{&quot;background_background&quot;:&quot;classic&quot;,&quot;animation&quot;:&quot;fadeIn&quot;,&quot;animation_delay&quot;:500}\">\n\t\t\t\t<\/div>\n\t\t<div class=\"elementor-element elementor-element-6669a65 e-con-full animated-fast e-flex e-con e-child\" data-id=\"6669a65\" data-element_type=\"container\" data-settings=\"{&quot;background_background&quot;:&quot;classic&quot;,&quot;animation&quot;:&quot;none&quot;,&quot;animation_delay&quot;:300}\">\n\t\t\t\t<div class=\"elementor-element elementor-element-bc3eef5 elementor-widget elementor-widget-heading\" data-id=\"bc3eef5\" data-element_type=\"widget\" data-widget_type=\"heading.default\">\n\t\t\t\t<div class=\"elementor-widget-container\">\n\t\t\t\t\t<p class=\"elementor-heading-title elementor-size-default\">Bienvenue \u00e0 tous<\/p>\t\t\t\t<\/div>\n\t\t\t\t<\/div>\n\t\t\t\t<div class=\"elementor-element elementor-element-b84096c elementor-widget__width-inherit elementor-widget-mobile__width-inherit elementor-widget elementor-widget-heading\" data-id=\"b84096c\" data-element_type=\"widget\" data-widget_type=\"heading.default\">\n\t\t\t\t<div class=\"elementor-widget-container\">\n\t\t\t\t\t<h2 class=\"elementor-heading-title elementor-size-default\">Le premier pas vers un sourire naturellement beau<\/h2>\t\t\t\t<\/div>\n\t\t\t\t<\/div>\n\t\t\t\t<div class=\"elementor-element elementor-element-bec1777 elementor-widget elementor-widget-text-editor\" data-id=\"bec1777\" data-element_type=\"widget\" data-widget_type=\"text-editor.default\">\n\t\t\t\t<div class=\"elementor-widget-container\">\n\t\t\t\t\t\t\t\t\t<p>Nous nous r\u00e9jouissons de faire votre connaissance lors d'un entretien personnel et de vous aider \u00e0 obtenir un beau sourire naturel gr\u00e2ce \u00e0 nos connaissances et \u00e0 notre exp\u00e9rience.<\/p>\t\t\t\t\t\t\t\t<\/div>\n\t\t\t\t<\/div>\n\t\t\t\t<div class=\"elementor-element elementor-element-c547458 elementor-mobile-align-justify elementor-widget-mobile__width-inherit elementor-widget elementor-widget-button\" data-id=\"c547458\" data-element_type=\"widget\" data-widget_type=\"button.default\">\n\t\t\t\t<div class=\"elementor-widget-container\">\n\t\t\t\t\t\t\t\t\t<div class=\"elementor-button-wrapper\">\n\t\t\t\t\t<a class=\"elementor-button elementor-button-link elementor-size-sm\" href=\"https:\/\/zahnarzt-in-luzern.ch\/fr\/prendre-rendez-vous\/\">\n\t\t\t\t\t\t<span class=\"elementor-button-content-wrapper\">\n\t\t\t\t\t\t\t\t\t<span class=\"elementor-button-text\">Prendre rendez-vous chez le dentiste<\/span>\n\t\t\t\t\t<\/span>\n\t\t\t\t\t<\/a>\n\t\t\t\t<\/div>\n\t\t\t\t\t\t\t\t<\/div>\n\t\t\t\t<\/div>\n\t\t\t\t<\/div>\n\t\t\t\t\t<\/div>\n\t\t\t\t<\/div>\n\t\t\t\t\t<\/div>\n\t\t\t\t<\/div>\n\t\t\t\t<\/div>","protected":false},"excerpt":{"rendered":"<p>Un sommeil calme - une meilleure vie - une meilleure qualit\u00e9 de vie\nTh\u00e9rapie contre le ronflement\nAvec une goutti\u00e8re anti-ronflement et la th\u00e9rapie anti-ronflement, vous am\u00e9liorez la qualit\u00e9 de votre sommeil et pr\u00e9venez les troubles respiratoires ainsi que les ronflements sonores. Offrez-vous un sommeil calme et reposant.\nPrendre rendez-vous chez le dentiste\nContact\nUn sommeil malsain\nMieux dormir, mieux et plus longtemps vivre !\nLe sommeil fait partie des besoins fondamentaux de la vie. Environ un tiers de notre vie [\u2026]<\/p>","protected":false},"author":2,"featured_media":0,"parent":0,"menu_order":13,"comment_status":"closed","ping_status":"closed","template":"","meta":{"footnotes":""},"class_list":["post-3886","page","type-page","status-publish","hentry"],"_links":{"self":[{"href":"https:\/\/zahnarzt-in-luzern.ch\/fr\/wp-json\/wp\/v2\/pages\/3886","targetHints":{"allow":["GET"]}}],"collection":[{"href":"https:\/\/zahnarzt-in-luzern.ch\/fr\/wp-json\/wp\/v2\/pages"}],"about":[{"href":"https:\/\/zahnarzt-in-luzern.ch\/fr\/wp-json\/wp\/v2\/types\/page"}],"author":[{"embeddable":true,"href":"https:\/\/zahnarzt-in-luzern.ch\/fr\/wp-json\/wp\/v2\/users\/2"}],"replies":[{"embeddable":true,"href":"https:\/\/zahnarzt-in-luzern.ch\/fr\/wp-json\/wp\/v2\/comments?post=3886"}],"version-history":[{"count":82,"href":"https:\/\/zahnarzt-in-luzern.ch\/fr\/wp-json\/wp\/v2\/pages\/3886\/revisions"}],"predecessor-version":[{"id":7571,"href":"https:\/\/zahnarzt-in-luzern.ch\/fr\/wp-json\/wp\/v2\/pages\/3886\/revisions\/7571"}],"wp:attachment":[{"href":"https:\/\/zahnarzt-in-luzern.ch\/fr\/wp-json\/wp\/v2\/media?parent=3886"}],"curies":[{"name":"wp","href":"https:\/\/api.w.org\/{rel}","templated":true}]}}