{"id":3842,"date":"2024-09-20T13:50:14","date_gmt":"2024-09-20T13:50:14","guid":{"rendered":"https:\/\/zl.gefire.org\/?page_id=3842"},"modified":"2025-05-02T10:00:56","modified_gmt":"2025-05-02T10:00:56","slug":"zahnbehandlungen-in-vollnarkose","status":"publish","type":"page","link":"https:\/\/zahnarzt-in-luzern.ch\/fr\/soins-dentaires-sous-anesthesie-generale\/","title":{"rendered":"Traitements dentaires sous anesth\u00e9sie g\u00e9n\u00e9rale"},"content":{"rendered":"<div data-elementor-type=\"wp-page\" data-elementor-id=\"3842\" class=\"elementor elementor-3842\" data-elementor-post-type=\"page\">\n\t\t\t\t<div class=\"elementor-element elementor-element-1fb7ffbd e-flex e-con-boxed e-con e-parent\" data-id=\"1fb7ffbd\" data-element_type=\"container\" data-settings=\"{&quot;background_background&quot;:&quot;gradient&quot;}\">\n\t\t\t\t\t<div class=\"e-con-inner\">\n\t\t<div class=\"elementor-element elementor-element-57b700aa e-grid e-con-full e-con e-child\" data-id=\"57b700aa\" data-element_type=\"container\">\n\t\t<div class=\"elementor-element elementor-element-315eafef animated-fast e-con-full e-flex elementor-invisible e-con e-child\" data-id=\"315eafef\" data-element_type=\"container\" data-settings=\"{&quot;animation&quot;:&quot;fadeIn&quot;,&quot;animation_delay&quot;:500}\">\n\t\t\t\t<div class=\"elementor-element elementor-element-31b7c58c elementor-widget elementor-widget-heading\" data-id=\"31b7c58c\" data-element_type=\"widget\" data-widget_type=\"heading.default\">\n\t\t\t\t<div class=\"elementor-widget-container\">\n\t\t\t\t\t<p class=\"elementor-heading-title elementor-size-default\">Traitements dentaires sans peur - sous anesth\u00e9sie g\u00e9n\u00e9rale<\/p>\t\t\t\t<\/div>\n\t\t\t\t<\/div>\n\t\t\t\t<div class=\"elementor-element elementor-element-2367189 elementor-widget__width-initial elementor-widget elementor-widget-heading\" data-id=\"2367189\" data-element_type=\"widget\" data-widget_type=\"heading.default\">\n\t\t\t\t<div class=\"elementor-widget-container\">\n\t\t\t\t\t<h1 class=\"elementor-heading-title elementor-size-default\">Traitements dentaires sous anesth\u00e9sie g\u00e9n\u00e9rale<\/h1>\t\t\t\t<\/div>\n\t\t\t\t<\/div>\n\t\t\t\t<div class=\"elementor-element elementor-element-30c44e08 elementor-widget__width-initial elementor-widget-mobile__width-inherit elementor-widget elementor-widget-text-editor\" data-id=\"30c44e08\" data-element_type=\"widget\" data-widget_type=\"text-editor.default\">\n\t\t\t\t<div class=\"elementor-widget-container\">\n\t\t\t\t\t\t\t\t\t<p>En tant que patient anxieux ou dentophobique, vous n'avez pas \u00e0 justifier chez nous votre souhait d'un traitement dentaire sous anesth\u00e9sie g\u00e9n\u00e9rale - nous veillons \u00e0 ce que votre traitement soit s\u00fbr et sans stress.<\/p>\t\t\t\t\t\t\t\t<\/div>\n\t\t\t\t<\/div>\n\t\t<div class=\"elementor-element elementor-element-1c496239 e-con-full e-flex e-con e-child\" data-id=\"1c496239\" data-element_type=\"container\">\n\t\t\t\t<div class=\"elementor-element elementor-element-268de617 elementor-mobile-align-justify elementor-widget-mobile__width-inherit elementor-widget elementor-widget-button\" data-id=\"268de617\" data-element_type=\"widget\" data-widget_type=\"button.default\">\n\t\t\t\t<div class=\"elementor-widget-container\">\n\t\t\t\t\t\t\t\t\t<div class=\"elementor-button-wrapper\">\n\t\t\t\t\t<a class=\"elementor-button elementor-button-link elementor-size-sm\" href=\"https:\/\/zahnarzt-in-luzern.ch\/fr\/prendre-rendez-vous\/\">\n\t\t\t\t\t\t<span class=\"elementor-button-content-wrapper\">\n\t\t\t\t\t\t\t\t\t<span class=\"elementor-button-text\">Prendre rendez-vous chez le dentiste<\/span>\n\t\t\t\t\t<\/span>\n\t\t\t\t\t<\/a>\n\t\t\t\t<\/div>\n\t\t\t\t\t\t\t\t<\/div>\n\t\t\t\t<\/div>\n\t\t\t\t<div class=\"elementor-element elementor-element-207ddf70 elementor-mobile-align-justify elementor-widget-mobile__width-inherit elementor-widget elementor-widget-button\" data-id=\"207ddf70\" data-element_type=\"widget\" data-widget_type=\"button.default\">\n\t\t\t\t<div class=\"elementor-widget-container\">\n\t\t\t\t\t\t\t\t\t<div class=\"elementor-button-wrapper\">\n\t\t\t\t\t<a class=\"elementor-button elementor-button-link elementor-size-sm\" href=\"https:\/\/zahnarzt-in-luzern.ch\/fr\/contact-dentiste-lucerne\/\">\n\t\t\t\t\t\t<span class=\"elementor-button-content-wrapper\">\n\t\t\t\t\t\t\t\t\t<span class=\"elementor-button-text\">Contact<\/span>\n\t\t\t\t\t<\/span>\n\t\t\t\t\t<\/a>\n\t\t\t\t<\/div>\n\t\t\t\t\t\t\t\t<\/div>\n\t\t\t\t<\/div>\n\t\t\t\t<\/div>\n\t\t\t\t<\/div>\n\t\t<div class=\"elementor-element elementor-element-4a17da9d e-con-full animated-fast e-flex elementor-invisible e-con e-child\" data-id=\"4a17da9d\" data-element_type=\"container\" data-settings=\"{&quot;animation&quot;:&quot;fadeIn&quot;,&quot;animation_delay&quot;:500}\">\n\t\t\t\t<div class=\"elementor-element elementor-element-515f31d0 elementor-widget elementor-widget-image\" data-id=\"515f31d0\" data-element_type=\"widget\" data-widget_type=\"image.default\">\n\t\t\t\t<div class=\"elementor-widget-container\">\n\t\t\t\t\t\t\t\t\t\t\t\t\t\t\t<img fetchpriority=\"high\" decoding=\"async\" width=\"1000\" height=\"1334\" src=\"https:\/\/zahnarzt-in-luzern.ch\/wp-content\/uploads\/vollnarkose-zahnarzt-luzern-01.webp\" class=\"attachment-full size-full wp-image-6019\" alt=\"Anesth\u00e9sie g\u00e9n\u00e9rale dentiste Lucerne\" srcset=\"https:\/\/zahnarzt-in-luzern.ch\/wp-content\/uploads\/vollnarkose-zahnarzt-luzern-01.webp 1000w, https:\/\/zahnarzt-in-luzern.ch\/wp-content\/uploads\/vollnarkose-zahnarzt-luzern-01-225x300.webp 225w, https:\/\/zahnarzt-in-luzern.ch\/wp-content\/uploads\/vollnarkose-zahnarzt-luzern-01-768x1025.webp 768w\" sizes=\"(max-width: 1000px) 100vw, 1000px\" \/>\t\t\t\t\t\t\t\t\t\t\t\t\t\t\t<\/div>\n\t\t\t\t<\/div>\n\t\t\t\t<\/div>\n\t\t\t\t<\/div>\n\t\t\t\t\t<\/div>\n\t\t\t\t<\/div>\n\t\t<div class=\"elementor-element elementor-element-4d997c00 e-flex e-con-boxed e-con e-parent\" data-id=\"4d997c00\" data-element_type=\"container\" data-settings=\"{&quot;background_background&quot;:&quot;classic&quot;}\">\n\t\t\t\t\t<div class=\"e-con-inner\">\n\t\t<div class=\"elementor-element elementor-element-2c200968 e-grid e-con-boxed e-con e-child\" data-id=\"2c200968\" data-element_type=\"container\">\n\t\t\t\t\t<div class=\"e-con-inner\">\n\t\t\t\t<div class=\"elementor-element elementor-element-4763c504 animated-fast elementor-invisible elementor-widget elementor-widget-image\" data-id=\"4763c504\" data-element_type=\"widget\" data-settings=\"{&quot;_animation&quot;:&quot;fadeIn&quot;,&quot;_animation_delay&quot;:100}\" data-widget_type=\"image.default\">\n\t\t\t\t<div class=\"elementor-widget-container\">\n\t\t\t\t\t\t\t\t\t\t\t\t\t\t\t<img decoding=\"async\" width=\"1000\" height=\"1334\" src=\"https:\/\/zahnarzt-in-luzern.ch\/wp-content\/uploads\/vollnarkose-zahnarzt-luzern-02.webp\" class=\"attachment-full size-full wp-image-6020\" alt=\"Anesth\u00e9sie g\u00e9n\u00e9rale dentiste Lucerne\" srcset=\"https:\/\/zahnarzt-in-luzern.ch\/wp-content\/uploads\/vollnarkose-zahnarzt-luzern-02.webp 1000w, https:\/\/zahnarzt-in-luzern.ch\/wp-content\/uploads\/vollnarkose-zahnarzt-luzern-02-225x300.webp 225w, https:\/\/zahnarzt-in-luzern.ch\/wp-content\/uploads\/vollnarkose-zahnarzt-luzern-02-768x1025.webp 768w\" sizes=\"(max-width: 1000px) 100vw, 1000px\" \/>\t\t\t\t\t\t\t\t\t\t\t\t\t\t\t<\/div>\n\t\t\t\t<\/div>\n\t\t<div class=\"elementor-element elementor-element-572374f0 e-con-full animated-fast e-flex elementor-invisible e-con e-child\" data-id=\"572374f0\" data-element_type=\"container\" data-settings=\"{&quot;animation&quot;:&quot;fadeIn&quot;,&quot;animation_delay&quot;:250}\">\n\t\t\t\t<div class=\"elementor-element elementor-element-38c60ac elementor-widget__width-initial elementor-widget-mobile__width-inherit elementor-widget elementor-widget-heading\" data-id=\"38c60ac\" data-element_type=\"widget\" data-widget_type=\"heading.default\">\n\t\t\t\t<div class=\"elementor-widget-container\">\n\t\t\t\t\t<h2 class=\"elementor-heading-title elementor-size-default\">Traitement dentaire indolore sous anesth\u00e9sie g\u00e9n\u00e9rale<\/h2>\t\t\t\t<\/div>\n\t\t\t\t<\/div>\n\t\t<div class=\"elementor-element elementor-element-51d3c48e e-grid e-con-full e-con e-child\" data-id=\"51d3c48e\" data-element_type=\"container\">\n\t\t<div class=\"elementor-element elementor-element-9f1f1e9 e-con-full e-flex e-con e-child\" data-id=\"9f1f1e9\" data-element_type=\"container\">\n\t\t\t\t<div class=\"elementor-element elementor-element-160e69c0 elementor-widget elementor-widget-text-editor\" data-id=\"160e69c0\" data-element_type=\"widget\" data-widget_type=\"text-editor.default\">\n\t\t\t\t<div class=\"elementor-widget-container\">\n\t\t\t\t\t\t\t\t\t<p>L'anesth\u00e9sie g\u00e9n\u00e9rale fait partie int\u00e9grante de la th\u00e9rapie \u00e0 3 rendez-vous. La technique d'anesth\u00e9sie 3TT-OLA-ITN\u00ae sp\u00e9cialement d\u00e9velopp\u00e9e par le Dr Leu est particuli\u00e8rement douce et r\u00e9duit au minimum le risque de douleur et d'enflure.<\/p><p>Les raisons d'un traitement sont tr\u00e8s diverses, vous avez peur du traitement ou il s'agit d'une intervention de longue dur\u00e9e ? L'intervention sous anesth\u00e9sie g\u00e9n\u00e9rale est \u00e9galement possible chez les enfants et en ambulatoire. Nous nous ferons un plaisir de vous aider.<\/p>\t\t\t\t\t\t\t\t<\/div>\n\t\t\t\t<\/div>\n\t\t\t\t<\/div>\n\t\t\t\t<\/div>\n\t\t\t\t<\/div>\n\t\t\t\t\t<\/div>\n\t\t\t\t<\/div>\n\t\t\t\t\t<\/div>\n\t\t\t\t<\/div>\n\t\t<div class=\"elementor-element elementor-element-710e0813 e-flex e-con-boxed e-con e-parent\" data-id=\"710e0813\" data-element_type=\"container\" data-settings=\"{&quot;background_background&quot;:&quot;classic&quot;}\">\n\t\t\t\t\t<div class=\"e-con-inner\">\n\t\t<div class=\"elementor-element elementor-element-79b451df animated-fast e-flex e-con-boxed elementor-invisible e-con e-child\" data-id=\"79b451df\" data-element_type=\"container\" data-settings=\"{&quot;animation&quot;:&quot;fadeIn&quot;,&quot;animation_delay&quot;:100}\">\n\t\t\t\t\t<div class=\"e-con-inner\">\n\t\t\t\t<div class=\"elementor-element elementor-element-dde0deb elementor-widget__width-initial elementor-widget elementor-widget-heading\" data-id=\"dde0deb\" data-element_type=\"widget\" data-widget_type=\"heading.default\">\n\t\t\t\t<div class=\"elementor-widget-container\">\n\t\t\t\t\t<h2 class=\"elementor-heading-title elementor-size-default\">Bon \u00e0 savoir<\/h2>\t\t\t\t<\/div>\n\t\t\t\t<\/div>\n\t\t\t\t\t<\/div>\n\t\t\t\t<\/div>\n\t\t<div class=\"elementor-element elementor-element-1560f46b e-grid e-con-boxed e-con e-child\" data-id=\"1560f46b\" data-element_type=\"container\">\n\t\t\t\t\t<div class=\"e-con-inner\">\n\t\t\t\t<div class=\"elementor-element elementor-element-17133e7 elementor-widget elementor-widget-image\" data-id=\"17133e7\" data-element_type=\"widget\" data-widget_type=\"image.default\">\n\t\t\t\t<div class=\"elementor-widget-container\">\n\t\t\t\t\t\t\t\t\t\t\t\t\t\t\t<img decoding=\"async\" width=\"768\" height=\"1024\" src=\"https:\/\/zahnarzt-in-luzern.ch\/wp-content\/uploads\/vollnarkose-zahnarzt-luzern-03-768x1024.webp\" class=\"attachment-large size-large wp-image-6042\" alt=\"Anesth\u00e9sie g\u00e9n\u00e9rale Rendez-vous chez le dentiste\" srcset=\"https:\/\/zahnarzt-in-luzern.ch\/wp-content\/uploads\/vollnarkose-zahnarzt-luzern-03-768x1025.webp 768w, https:\/\/zahnarzt-in-luzern.ch\/wp-content\/uploads\/vollnarkose-zahnarzt-luzern-03-225x300.webp 225w, https:\/\/zahnarzt-in-luzern.ch\/wp-content\/uploads\/vollnarkose-zahnarzt-luzern-03.webp 1000w\" sizes=\"(max-width: 768px) 100vw, 768px\" \/>\t\t\t\t\t\t\t\t\t\t\t\t\t\t\t<\/div>\n\t\t\t\t<\/div>\n\t\t<div class=\"elementor-element elementor-element-31d5c12a e-grid e-con-full animated-fast elementor-invisible e-con e-child\" data-id=\"31d5c12a\" data-element_type=\"container\" data-settings=\"{&quot;animation&quot;:&quot;fadeIn&quot;,&quot;animation_delay&quot;:250}\">\n\t\t<div class=\"elementor-element elementor-element-8f9a3c7 e-con-full e-flex e-con e-child\" data-id=\"8f9a3c7\" data-element_type=\"container\">\n\t\t\t\t<div class=\"elementor-element elementor-element-6f29c49 elementor-widget elementor-widget-heading\" data-id=\"6f29c49\" data-element_type=\"widget\" data-widget_type=\"heading.default\">\n\t\t\t\t<div class=\"elementor-widget-container\">\n\t\t\t\t\t<h3 class=\"elementor-heading-title elementor-size-default\">Que se passe-t-il lors d'une anesth\u00e9sie g\u00e9n\u00e9rale chez le dentiste ?<\/h3>\t\t\t\t<\/div>\n\t\t\t\t<\/div>\n\t\t\t\t<div class=\"elementor-element elementor-element-c44cd64 elementor-widget elementor-widget-text-editor\" data-id=\"c44cd64\" data-element_type=\"widget\" data-widget_type=\"text-editor.default\">\n\t\t\t\t<div class=\"elementor-widget-container\">\n\t\t\t\t\t\t\t\t\t<p>Si vous optez pour un traitement sous anesth\u00e9sie g\u00e9n\u00e9rale, celui-ci sera pr\u00e9par\u00e9 et suivi par un m\u00e9decin sp\u00e9cialiste en anesth\u00e9sie dans notre \u00e9tablissement.<\/p><p>Dans notre cabinet dentaire, l'anesth\u00e9siste vous plonge doucement dans un sommeil profond. Il s'occupe de vos signes vitaux pendant le traitement dentaire, de sorte que votre dentiste puisse se consacrer enti\u00e8rement \u00e0 votre traitement. Vous ne ressentirez aucune douleur et dormirez de mani\u00e8re totalement d\u00e9tendue, tous vos sens \u00e9tant d\u00e9sactiv\u00e9s pendant la dur\u00e9e du traitement. Vous pouvez rentrer chez vous imm\u00e9diatement apr\u00e8s l'anesth\u00e9sie g\u00e9n\u00e9rale.<\/p><p>Nous vous recommandons en principe de vous faire chercher.<\/p><p>Pour toute intervention sous anesth\u00e9sie g\u00e9n\u00e9rale, le principe est que l'estomac doit \u00eatre vide. Au moins 6 heures avant l'intervention ambulatoire, il ne faut plus rien manger ni boire !<br \/><br \/><\/p><p><strong>Quels sont les avantages des soins dentaires sous anesth\u00e9sie g\u00e9n\u00e9rale ?<\/strong><\/p><ul><li>D\u00e9barrassez-vous de votre peur du dentiste.<\/li><li><span style=\"color: var( --e-global-color-text ); font-family: var( --e-global-typography-53e1026-font-family ), Sans-serif; font-size: var( --e-global-typography-53e1026-font-size ); font-weight: var( --e-global-typography-53e1026-font-weight ); text-align: var(--text-align); background-color: var( --e-global-color-secondary );\">La demande de traitement des patients n\u00e9cessitant un traitement complet peut presque toujours \u00eatre satisfaite jusqu'\u00e0 l'assainissement complet.<\/span><\/li><li>Une anesth\u00e9sie g\u00e9n\u00e9rale entra\u00eene une suppression s\u00fbre et totale de la douleur pendant le traitement dentaire.<\/li><li>L'anesth\u00e9sie est possible sous forme d'OLA-ITN\u00ae. Les avantages de l'OLA-ITN\u00ae sont les suivants : Les gonflements et les douleurs postop\u00e9ratoires sont r\u00e9duits au minimum.<\/li><li>L'anesth\u00e9sie est toujours r\u00e9alis\u00e9e par l'anesth\u00e9siste. L'anesth\u00e9siste se concentre sur les fonctions vitales du patient et est pr\u00e9sent avec son \u00e9quipe pendant toute la dur\u00e9e des soins dentaires.<\/li><li>Chez nous, vous atteignez votre objectif apr\u00e8s seulement trois rendez-vous et une anesth\u00e9sie g\u00e9n\u00e9rale, c'est-\u00e0-dire beaucoup plus rapidement, plus doucement et plus efficacement. Ensuite, le patient peut rentrer chez lui.<\/li><\/ul>\t\t\t\t\t\t\t\t<\/div>\n\t\t\t\t<\/div>\n\t\t\t\t<\/div>\n\t\t<div class=\"elementor-element elementor-element-9794076 e-con-full e-flex e-con e-child\" data-id=\"9794076\" data-element_type=\"container\">\n\t\t\t\t<div class=\"elementor-element elementor-element-8e85129 elementor-widget elementor-widget-heading\" data-id=\"8e85129\" data-element_type=\"widget\" data-widget_type=\"heading.default\">\n\t\t\t\t<div class=\"elementor-widget-container\">\n\t\t\t\t\t<h3 class=\"elementor-heading-title elementor-size-default\">Que signifie 3TT-OLA-ITN\u00ae ?<\/h3>\t\t\t\t<\/div>\n\t\t\t\t<\/div>\n\t\t\t\t<div class=\"elementor-element elementor-element-b6234b5 elementor-widget elementor-widget-text-editor\" data-id=\"b6234b5\" data-element_type=\"widget\" data-widget_type=\"text-editor.default\">\n\t\t\t\t<div class=\"elementor-widget-container\">\n\t\t\t\t\t\t\t\t\t<p>3TT-OLA-ITN\u00ae est une marque d\u00e9pos\u00e9e et prot\u00e9g\u00e9e dans toute l'Europe, qui est utilis\u00e9e dans votre centre de sant\u00e9 dentaire de Lucerne et en relation avec la th\u00e9rapie 3Termine.<\/p><p>Le nom se compose de :<\/p><ul><li>Th\u00e9rapie \u00e0 3 rendez-vous = 3TT<\/li><li>Sans anesth\u00e9sie locale = OLA<\/li><li>Anesth\u00e9sie par intubation = ITN<\/li><\/ul><p>La particularit\u00e9 de cette m\u00e9thode : nous n'utilisons pas d'anesth\u00e9sie locale lors de l'anesth\u00e9sie par intubation. Il en r\u00e9sulte plusieurs effets positifs pour vous, le patient :<\/p><ul><li>une analg\u00e9sie absolument s\u00fbre pendant le traitement<\/li><li>faible risque de douleur postop\u00e9ratoire<\/li><li>faible risque de gonflement postop\u00e9ratoire<\/li><li>pas ou peu de besoin de comprim\u00e9s contre la douleur apr\u00e8s l'op\u00e9ration<\/li><\/ul><p>Nous ne voulons pas minimiser le risque de l'anesth\u00e9sie et c'est pourquoi nous recommandons aux personnes souffrant d'une forte phobie du dentiste de recourir d'abord \u00e0 la psychoth\u00e9rapie comme moyen de choix.<\/p><p>Notre \u00e9quipe sp\u00e9cialis\u00e9e dans les patients anxieux a d\u00e9j\u00e0 pu rendre caduque plus d'une s\u00e9ance d'anesth\u00e9sie et montrer dans ce contexte comment les peurs peuvent \u00eatre surmont\u00e9es.<\/p>\t\t\t\t\t\t\t\t<\/div>\n\t\t\t\t<\/div>\n\t\t\t\t<\/div>\n\t\t\t\t<\/div>\n\t\t\t\t\t<\/div>\n\t\t\t\t<\/div>\n\t\t\t\t\t<\/div>\n\t\t\t\t<\/div>\n\t\t<div class=\"elementor-element elementor-element-1908867f e-flex e-con-boxed e-con e-parent\" data-id=\"1908867f\" data-element_type=\"container\" data-settings=\"{&quot;background_background&quot;:&quot;classic&quot;}\">\n\t\t\t\t\t<div class=\"e-con-inner\">\n\t\t<div class=\"elementor-element elementor-element-213c7acd e-grid e-con-boxed e-con e-child\" data-id=\"213c7acd\" data-element_type=\"container\">\n\t\t\t\t\t<div class=\"e-con-inner\">\n\t\t<div class=\"elementor-element elementor-element-17e1db8b e-con-full animated-fast elementor-hidden-mobile e-flex elementor-invisible e-con e-child\" data-id=\"17e1db8b\" data-element_type=\"container\" data-settings=\"{&quot;background_background&quot;:&quot;classic&quot;,&quot;animation&quot;:&quot;fadeIn&quot;,&quot;animation_delay&quot;:500}\">\n\t\t\t\t<\/div>\n\t\t<div class=\"elementor-element elementor-element-6669a65 e-con-full animated-fast e-flex e-con e-child\" data-id=\"6669a65\" data-element_type=\"container\" data-settings=\"{&quot;background_background&quot;:&quot;classic&quot;,&quot;animation&quot;:&quot;none&quot;}\">\n\t\t\t\t<div class=\"elementor-element elementor-element-bc3eef5 elementor-widget elementor-widget-heading\" data-id=\"bc3eef5\" data-element_type=\"widget\" data-widget_type=\"heading.default\">\n\t\t\t\t<div class=\"elementor-widget-container\">\n\t\t\t\t\t<p class=\"elementor-heading-title elementor-size-default\">Bienvenue \u00e0 tous<\/p>\t\t\t\t<\/div>\n\t\t\t\t<\/div>\n\t\t\t\t<div class=\"elementor-element elementor-element-b84096c elementor-widget__width-inherit elementor-widget elementor-widget-heading\" data-id=\"b84096c\" data-element_type=\"widget\" data-widget_type=\"heading.default\">\n\t\t\t\t<div class=\"elementor-widget-container\">\n\t\t\t\t\t<h2 class=\"elementor-heading-title elementor-size-default\">Votre dentiste personnel Lucerne<\/h2>\t\t\t\t<\/div>\n\t\t\t\t<\/div>\n\t\t\t\t<div class=\"elementor-element elementor-element-bec1777 elementor-widget elementor-widget-text-editor\" data-id=\"bec1777\" data-element_type=\"widget\" data-widget_type=\"text-editor.default\">\n\t\t\t\t<div class=\"elementor-widget-container\">\n\t\t\t\t\t\t\t\t\t<p>Nous nous r\u00e9jouissons de faire votre connaissance lors d'un entretien personnel. Nous prenons le temps de vous \u00e9couter dans chaque cas individuel.<\/p>\t\t\t\t\t\t\t\t<\/div>\n\t\t\t\t<\/div>\n\t\t\t\t<div class=\"elementor-element elementor-element-c547458 elementor-mobile-align-justify elementor-widget elementor-widget-button\" data-id=\"c547458\" data-element_type=\"widget\" data-widget_type=\"button.default\">\n\t\t\t\t<div class=\"elementor-widget-container\">\n\t\t\t\t\t\t\t\t\t<div class=\"elementor-button-wrapper\">\n\t\t\t\t\t<a class=\"elementor-button elementor-button-link elementor-size-sm\" href=\"https:\/\/zahnarzt-in-luzern.ch\/fr\/prendre-rendez-vous\/\">\n\t\t\t\t\t\t<span class=\"elementor-button-content-wrapper\">\n\t\t\t\t\t\t\t\t\t<span class=\"elementor-button-text\">Prendre rendez-vous chez le dentiste<\/span>\n\t\t\t\t\t<\/span>\n\t\t\t\t\t<\/a>\n\t\t\t\t<\/div>\n\t\t\t\t\t\t\t\t<\/div>\n\t\t\t\t<\/div>\n\t\t\t\t<\/div>\n\t\t\t\t\t<\/div>\n\t\t\t\t<\/div>\n\t\t\t\t\t<\/div>\n\t\t\t\t<\/div>\n\t\t\t\t<\/div>","protected":false},"excerpt":{"rendered":"<p>Soins dentaires sans anxi\u00e9t\u00e9 \u2013 sous anesth\u00e9sie g\u00e9n\u00e9rale Soins dentaires sous anesth\u00e9sie g\u00e9n\u00e9rale En tant que patient anxieux ou souffrant de phobie dentaire, vous n'avez pas besoin de justifier votre souhait de soins dentaires sous anesth\u00e9sie g\u00e9n\u00e9rale chez nous \u2013 nous garantissons votre traitement en toute s\u00e9curit\u00e9 et sans stress. Prendre rendez-vous chez le dentiste Contact Traitement dentaire indolore avec anesth\u00e9sie g\u00e9n\u00e9rale L'anesth\u00e9sie g\u00e9n\u00e9rale fait partie int\u00e9grante de la 3TermineTherapie. D\u00e9velopp\u00e9e sp\u00e9cialement par le Dr Leu [\u2026]<\/p>","protected":false},"author":2,"featured_media":0,"parent":0,"menu_order":11,"comment_status":"closed","ping_status":"closed","template":"","meta":{"footnotes":""},"class_list":["post-3842","page","type-page","status-publish","hentry"],"_links":{"self":[{"href":"https:\/\/zahnarzt-in-luzern.ch\/fr\/wp-json\/wp\/v2\/pages\/3842","targetHints":{"allow":["GET"]}}],"collection":[{"href":"https:\/\/zahnarzt-in-luzern.ch\/fr\/wp-json\/wp\/v2\/pages"}],"about":[{"href":"https:\/\/zahnarzt-in-luzern.ch\/fr\/wp-json\/wp\/v2\/types\/page"}],"author":[{"embeddable":true,"href":"https:\/\/zahnarzt-in-luzern.ch\/fr\/wp-json\/wp\/v2\/users\/2"}],"replies":[{"embeddable":true,"href":"https:\/\/zahnarzt-in-luzern.ch\/fr\/wp-json\/wp\/v2\/comments?post=3842"}],"version-history":[{"count":97,"href":"https:\/\/zahnarzt-in-luzern.ch\/fr\/wp-json\/wp\/v2\/pages\/3842\/revisions"}],"predecessor-version":[{"id":8823,"href":"https:\/\/zahnarzt-in-luzern.ch\/fr\/wp-json\/wp\/v2\/pages\/3842\/revisions\/8823"}],"wp:attachment":[{"href":"https:\/\/zahnarzt-in-luzern.ch\/fr\/wp-json\/wp\/v2\/media?parent=3842"}],"curies":[{"name":"wp","href":"https:\/\/api.w.org\/{rel}","templated":true}]}}