{"id":8568,"date":"2025-02-13T10:32:19","date_gmt":"2025-02-13T10:32:19","guid":{"rendered":"https:\/\/zahnarzt-in-luzern.ch\/?page_id=8568"},"modified":"2025-12-11T12:47:40","modified_gmt":"2025-12-11T10:47:40","slug":"zahnarzt-luzern","status":"publish","type":"page","link":"https:\/\/zahnarzt-in-luzern.ch\/es\/puestos-de-trabajo\/dentista-lucerna\/","title":{"rendered":"Dentista 60-100%"},"content":{"rendered":"<div data-elementor-type=\"wp-page\" data-elementor-id=\"8568\" class=\"elementor elementor-8568\" data-elementor-post-type=\"page\">\n\t\t\t\t<div class=\"elementor-element elementor-element-1fb7ffbd e-flex e-con-boxed e-con e-parent\" data-id=\"1fb7ffbd\" data-element_type=\"container\" data-settings=\"{&quot;background_background&quot;:&quot;gradient&quot;}\">\n\t\t\t\t\t<div class=\"e-con-inner\">\n\t\t<div class=\"elementor-element elementor-element-57b700aa e-grid e-con-full e-con e-child\" data-id=\"57b700aa\" data-element_type=\"container\">\n\t\t<div class=\"elementor-element elementor-element-315eafef animated-fast e-con-full e-flex elementor-invisible e-con e-child\" data-id=\"315eafef\" data-element_type=\"container\" data-settings=\"{&quot;animation&quot;:&quot;fadeIn&quot;,&quot;animation_delay&quot;:500}\">\n\t\t\t\t<div class=\"elementor-element elementor-element-41a47d5 elementor-widget elementor-widget-html\" data-id=\"41a47d5\" data-element_type=\"widget\" data-widget_type=\"html.default\">\n\t\t\t\t<div class=\"elementor-widget-container\">\n\t\t\t\t\t<script type=\"application\/ld+json\">{\n    \"@context\": \"https:\\\/\\\/schema.org\\\/\",\n    \"@type\": \"JobPosting\",\n    \"title\": \"Zahnarzt \\\/ Zahn\\u00e4rztin 20-100%\",\n    \"description\": \"Zur Verst\\u00e4rkung unseres Teams in Luzern suchen wir ab sofort oder nach Vereinbarung eine erfahrene Zahn\\u00e4rztin oder einen erfahrenen Zahnarzt, der unser Klinikteam mit Fachwissen und Engagement bereichert.\",\n    \"identifier\": {\n        \"@type\": \"PropertyValue\",\n        \"name\": \"Zahnarzt in Luzern\",\n        \"value\": \"Job-Zahnarzt-Zahnarzt-Luzern-2025\"\n    },\n    \"datePosted\": \"2025-12-11\",\n    \"employmentType\": [\n        \"full-time\",\n        \"part-time\"\n    ],\n    \"hiringOrganization\": {\n        \"@type\": \"Organization\",\n        \"name\": \"Zahnarzt in Luzern\",\n        \"sameAs\": \"https:\\\/\\\/zahnarzt-in-luzern.ch\\\/\",\n        \"logo\": \"https:\\\/\\\/zahnarzt-in-luzern.ch\\\/wp-content\\\/uploads\\\/cropped-favicon-zahnarzt-in-luzern-480x480-1.png\",\n        \"email\": \"info@zahnarzt-lu.ch\"\n    },\n    \"jobLocation\": {\n        \"@type\": \"Place\",\n        \"address\": {\n            \"@type\": \"PostalAddress\",\n            \"streetAddress\": \"Pilatusstrasse 18\",\n            \"addressLocality\": \"Luzern\",\n            \"addressRegion\": \"LU\",\n            \"postalCode\": \"6003\",\n            \"addressCountry\": \"CH\"\n        }\n    },\n    \"applicationContact\": {\n        \"@type\": \"ContactPoint\",\n        \"email\": \"info@zahnarzt-lu.ch\",\n        \"contactType\": \"HR\",\n        \"name\": \"Bewerbungsteam Zahnarzt in Luzern\"\n    },\n    \"url\": \"https:\\\/\\\/zahnarzt-in-luzern.ch\\\/de\\\/jobs\\\/zahnarzt-luzern\\\/\"\n}<\/script>\r\n\t\t\t\t<\/div>\n\t\t\t\t<\/div>\n\t\t\t\t<div class=\"elementor-element elementor-element-31b7c58c elementor-widget elementor-widget-heading\" data-id=\"31b7c58c\" data-element_type=\"widget\" data-widget_type=\"heading.default\">\n\t\t\t\t<div class=\"elementor-widget-container\">\n\t\t\t\t\t<p class=\"elementor-heading-title elementor-size-default\">Publicaci\u00f3n: 11.12.2025<\/p>\t\t\t\t<\/div>\n\t\t\t\t<\/div>\n\t\t\t\t<div class=\"elementor-element elementor-element-2367189 elementor-widget__width-initial elementor-widget elementor-widget-heading\" data-id=\"2367189\" data-element_type=\"widget\" data-widget_type=\"heading.default\">\n\t\t\t\t<div class=\"elementor-widget-container\">\n\t\t\t\t\t<h1 class=\"elementor-heading-title elementor-size-default\">Dentista 20-100%<\/h1>\t\t\t\t<\/div>\n\t\t\t\t<\/div>\n\t\t\t\t<div class=\"elementor-element elementor-element-30c44e08 elementor-widget__width-initial elementor-widget-mobile__width-inherit elementor-widget elementor-widget-text-editor\" data-id=\"30c44e08\" data-element_type=\"widget\" data-widget_type=\"text-editor.default\">\n\t\t\t\t<div class=\"elementor-widget-container\">\n\t\t\t\t\t\t\t\t\t<p>Para todos aquellos que ven la odontolog\u00eda excelente no s\u00f3lo como una profesi\u00f3n, sino como una vocaci\u00f3n.<\/p>\t\t\t\t\t\t\t\t<\/div>\n\t\t\t\t<\/div>\n\t\t<div class=\"elementor-element elementor-element-1c496239 e-con-full e-flex e-con e-child\" data-id=\"1c496239\" data-element_type=\"container\">\n\t\t\t\t<div class=\"elementor-element elementor-element-207ddf70 elementor-mobile-align-justify elementor-widget-mobile__width-inherit elementor-widget elementor-widget-button\" data-id=\"207ddf70\" data-element_type=\"widget\" data-widget_type=\"button.default\">\n\t\t\t\t<div class=\"elementor-widget-container\">\n\t\t\t\t\t\t\t\t\t<div class=\"elementor-button-wrapper\">\n\t\t\t\t\t<a class=\"elementor-button elementor-button-link elementor-size-sm\" href=\"https:\/\/zahnarzt-in-luzern.ch\/es\/contacto-dentista-lucerna\/\">\n\t\t\t\t\t\t<span class=\"elementor-button-content-wrapper\">\n\t\t\t\t\t\t\t\t\t<span class=\"elementor-button-text\">P\u00f3ngase en contacto con nosotros<\/span>\n\t\t\t\t\t<\/span>\n\t\t\t\t\t<\/a>\n\t\t\t\t<\/div>\n\t\t\t\t\t\t\t\t<\/div>\n\t\t\t\t<\/div>\n\t\t\t\t<\/div>\n\t\t\t\t<\/div>\n\t\t<div class=\"elementor-element elementor-element-4a17da9d e-con-full e-flex e-con e-child\" data-id=\"4a17da9d\" data-element_type=\"container\">\n\t\t\t\t<div class=\"elementor-element elementor-element-515f31d0 elementor-widget elementor-widget-image\" data-id=\"515f31d0\" data-element_type=\"widget\" data-widget_type=\"image.default\">\n\t\t\t\t<div class=\"elementor-widget-container\">\n\t\t\t\t\t\t\t\t\t\t\t\t\t\t\t<img fetchpriority=\"high\" decoding=\"async\" width=\"2000\" height=\"2500\" src=\"https:\/\/zahnarzt-in-luzern.ch\/wp-content\/uploads\/zahnarzt-luzern-behandlungsmethode-01.webp\" class=\"attachment-full size-full wp-image-6343\" alt=\"\" srcset=\"https:\/\/zahnarzt-in-luzern.ch\/wp-content\/uploads\/zahnarzt-luzern-behandlungsmethode-01.webp 2000w, https:\/\/zahnarzt-in-luzern.ch\/wp-content\/uploads\/zahnarzt-luzern-behandlungsmethode-01-240x300.webp 240w, https:\/\/zahnarzt-in-luzern.ch\/wp-content\/uploads\/zahnarzt-luzern-behandlungsmethode-01-819x1024.webp 819w, https:\/\/zahnarzt-in-luzern.ch\/wp-content\/uploads\/zahnarzt-luzern-behandlungsmethode-01-768x960.webp 768w, https:\/\/zahnarzt-in-luzern.ch\/wp-content\/uploads\/zahnarzt-luzern-behandlungsmethode-01-1229x1536.webp 1229w, https:\/\/zahnarzt-in-luzern.ch\/wp-content\/uploads\/zahnarzt-luzern-behandlungsmethode-01-1638x2048.webp 1638w\" sizes=\"(max-width: 2000px) 100vw, 2000px\" \/>\t\t\t\t\t\t\t\t\t\t\t\t\t\t\t<\/div>\n\t\t\t\t<\/div>\n\t\t\t\t<\/div>\n\t\t\t\t<\/div>\n\t\t<div class=\"elementor-element elementor-element-134f6e75 e-flex e-con-boxed e-con e-child\" data-id=\"134f6e75\" data-element_type=\"container\">\n\t\t\t\t\t<div class=\"e-con-inner\">\n\t\t\t\t<div class=\"elementor-element elementor-element-73d16692 elementor-widget-divider--view-line elementor-widget elementor-widget-divider\" data-id=\"73d16692\" data-element_type=\"widget\" data-widget_type=\"divider.default\">\n\t\t\t\t<div class=\"elementor-widget-container\">\n\t\t\t\t\t\t\t<div class=\"elementor-divider\">\n\t\t\t<span class=\"elementor-divider-separator\">\n\t\t\t\t\t\t<\/span>\n\t\t<\/div>\n\t\t\t\t\t\t<\/div>\n\t\t\t\t<\/div>\n\t\t\t\t\t<\/div>\n\t\t\t\t<\/div>\n\t\t\t\t\t<\/div>\n\t\t\t\t<\/div>\n\t\t<div class=\"elementor-element elementor-element-710e0813 e-flex e-con-boxed e-con e-parent\" data-id=\"710e0813\" data-element_type=\"container\" data-settings=\"{&quot;background_background&quot;:&quot;classic&quot;}\">\n\t\t\t\t\t<div class=\"e-con-inner\">\n\t\t<div class=\"elementor-element elementor-element-79b451df animated-fast e-flex e-con-boxed elementor-invisible e-con e-child\" data-id=\"79b451df\" data-element_type=\"container\" data-settings=\"{&quot;animation&quot;:&quot;fadeIn&quot;,&quot;animation_delay&quot;:100}\">\n\t\t\t\t\t<div class=\"e-con-inner\">\n\t\t\t\t<div class=\"elementor-element elementor-element-dde0deb elementor-widget__width-initial elementor-widget elementor-widget-heading\" data-id=\"dde0deb\" data-element_type=\"widget\" data-widget_type=\"heading.default\">\n\t\t\t\t<div class=\"elementor-widget-container\">\n\t\t\t\t\t<h2 class=\"elementor-heading-title elementor-size-default\">Descripci\u00f3n del puesto<\/h2>\t\t\t\t<\/div>\n\t\t\t\t<\/div>\n\t\t\t\t<div class=\"elementor-element elementor-element-cddf764 elementor-widget elementor-widget-text-editor\" data-id=\"cddf764\" data-element_type=\"widget\" data-widget_type=\"text-editor.default\">\n\t\t\t\t<div class=\"elementor-widget-container\">\n\t\t\t\t\t\t\t\t\t<p><strong>Bienvenido a la Cl\u00ednica Dental Lucerna<\/strong><\/p><p><br \/>Somos una cl\u00ednica dental moderna y orientada a la calidad en el coraz\u00f3n de Lucerna y ofrecemos todo el espectro de la odontolog\u00eda, siempre al m\u00e1s alto nivel cient\u00edfico y t\u00e9cnico. No s\u00f3lo damos gran importancia a una odontolog\u00eda de primera clase, sino tambi\u00e9n a un entorno de trabajo en el que el aprecio, el esp\u00edritu de equipo y el disfrute del trabajo se practican a diario.<\/p>\t\t\t\t\t\t\t\t<\/div>\n\t\t\t\t<\/div>\n\t\t\t\t\t<\/div>\n\t\t\t\t<\/div>\n\t\t<div class=\"elementor-element elementor-element-1560f46b e-grid e-con-boxed e-con e-child\" data-id=\"1560f46b\" data-element_type=\"container\">\n\t\t\t\t\t<div class=\"e-con-inner\">\n\t\t\t\t<div class=\"elementor-element elementor-element-da82125 elementor-widget elementor-widget-image\" data-id=\"da82125\" data-element_type=\"widget\" data-widget_type=\"image.default\">\n\t\t\t\t<div class=\"elementor-widget-container\">\n\t\t\t\t\t\t\t\t\t\t\t\t\t\t\t<img decoding=\"async\" width=\"800\" height=\"1000\" src=\"https:\/\/zahnarzt-in-luzern.ch\/wp-content\/uploads\/wurzelbehandlung-luzern-notfall-819x1024.webp\" class=\"attachment-large size-large wp-image-5736\" alt=\"Endodoncia Lucerna dentista\" srcset=\"https:\/\/zahnarzt-in-luzern.ch\/wp-content\/uploads\/wurzelbehandlung-luzern-notfall-819x1024.webp 819w, https:\/\/zahnarzt-in-luzern.ch\/wp-content\/uploads\/wurzelbehandlung-luzern-notfall-240x300.webp 240w, https:\/\/zahnarzt-in-luzern.ch\/wp-content\/uploads\/wurzelbehandlung-luzern-notfall-768x960.webp 768w, https:\/\/zahnarzt-in-luzern.ch\/wp-content\/uploads\/wurzelbehandlung-luzern-notfall-1229x1536.webp 1229w, https:\/\/zahnarzt-in-luzern.ch\/wp-content\/uploads\/wurzelbehandlung-luzern-notfall-1638x2048.webp 1638w, https:\/\/zahnarzt-in-luzern.ch\/wp-content\/uploads\/elementor\/thumbs\/wurzelbehandlung-luzern-notfall-quob2tvgz3gv42soeupxjbmkcw14hv2h9hx0r5ss9c.webp 800w, https:\/\/zahnarzt-in-luzern.ch\/wp-content\/uploads\/wurzelbehandlung-luzern-notfall.webp 2000w\" sizes=\"(max-width: 800px) 100vw, 800px\" \/>\t\t\t\t\t\t\t\t\t\t\t\t\t\t\t<\/div>\n\t\t\t\t<\/div>\n\t\t<div class=\"elementor-element elementor-element-31d5c12a e-grid e-con-full animated-fast elementor-invisible e-con e-child\" data-id=\"31d5c12a\" data-element_type=\"container\" data-settings=\"{&quot;animation&quot;:&quot;fadeIn&quot;,&quot;animation_delay&quot;:250}\">\n\t\t<div class=\"elementor-element elementor-element-8f9a3c7 e-con-full e-flex e-con e-child\" data-id=\"8f9a3c7\" data-element_type=\"container\">\n\t\t\t\t<div class=\"elementor-element elementor-element-6f29c49 elementor-widget elementor-widget-heading\" data-id=\"6f29c49\" data-element_type=\"widget\" data-widget_type=\"heading.default\">\n\t\t\t\t<div class=\"elementor-widget-container\">\n\t\t\t\t\t<h3 class=\"elementor-heading-title elementor-size-default\">Tus tareas:<\/h3>\t\t\t\t<\/div>\n\t\t\t\t<\/div>\n\t\t\t\t<div class=\"elementor-element elementor-element-c44cd64 elementor-widget elementor-widget-text-editor\" data-id=\"c44cd64\" data-element_type=\"widget\" data-widget_type=\"text-editor.default\">\n\t\t\t\t<div class=\"elementor-widget-container\">\n\t\t\t\t\t\t\t\t\t<ul><li>Tratamiento y atenci\u00f3n independientes y de alta calidad a nuestros pacientes<\/li><li>Trabajar en los campos de la odontolog\u00eda general, la pr\u00f3tesis, la conservaci\u00f3n de los dientes, la cirug\u00eda oral y la odontolog\u00eda est\u00e9tica.<\/li><li>Colaboraci\u00f3n estrecha y colegiada en un equipo interdisciplinar<\/li><\/ul>\t\t\t\t\t\t\t\t<\/div>\n\t\t\t\t<\/div>\n\t\t\t\t<\/div>\n\t\t<div class=\"elementor-element elementor-element-9794076 e-con-full e-flex e-con e-child\" data-id=\"9794076\" data-element_type=\"container\">\n\t\t\t\t<div class=\"elementor-element elementor-element-8e85129 elementor-widget elementor-widget-heading\" data-id=\"8e85129\" data-element_type=\"widget\" data-widget_type=\"heading.default\">\n\t\t\t\t<div class=\"elementor-widget-container\">\n\t\t\t\t\t<h3 class=\"elementor-heading-title elementor-size-default\">Su perfil de requisitos:<\/h3>\t\t\t\t<\/div>\n\t\t\t\t<\/div>\n\t\t\t\t<div class=\"elementor-element elementor-element-b6234b5 elementor-widget elementor-widget-text-editor\" data-id=\"b6234b5\" data-element_type=\"widget\" data-widget_type=\"text-editor.default\">\n\t\t\t\t<div class=\"elementor-widget-container\">\n\t\t\t\t\t\t\t\t\t<ul><li>Permiso alem\u00e1n o suizo para ejercer \/ licencia profesional<\/li><li>Doctorado \/ PhD<\/li><li>Al menos 5 a\u00f1os de experiencia profesional en odontolog\u00eda de alta calidad<\/li><li>Conocimientos s\u00f3lidos en todos los \u00e1mbitos de la odontolog\u00eda moderna<\/li><li>Trabajar con lupas es algo natural para usted<\/li><li>Alto nivel de responsabilidad personal, fiabilidad y fuerte esp\u00edritu de equipo<\/li><li>Pasi\u00f3n por su profesi\u00f3n y deseo de colaborar a largo plazo en un equipo s\u00f3lido<\/li><\/ul>\t\t\t\t\t\t\t\t<\/div>\n\t\t\t\t<\/div>\n\t\t\t\t<\/div>\n\t\t<div class=\"elementor-element elementor-element-7c14cc0 e-con-full e-flex e-con e-child\" data-id=\"7c14cc0\" data-element_type=\"container\">\n\t\t\t\t<div class=\"elementor-element elementor-element-6fadd9b elementor-widget elementor-widget-heading\" data-id=\"6fadd9b\" data-element_type=\"widget\" data-widget_type=\"heading.default\">\n\t\t\t\t<div class=\"elementor-widget-container\">\n\t\t\t\t\t<h3 class=\"elementor-heading-title elementor-size-default\">Nuestra oferta:<\/h3>\t\t\t\t<\/div>\n\t\t\t\t<\/div>\n\t\t\t\t<div class=\"elementor-element elementor-element-d297cd8 elementor-widget elementor-widget-text-editor\" data-id=\"d297cd8\" data-element_type=\"widget\" data-widget_type=\"text-editor.default\">\n\t\t\t\t<div class=\"elementor-widget-container\">\n\t\t\t\t\t\t\t\t\t<ul><li>Un equipo c\u00e1lido y solidario que trabaja unido y se refuerza mutuamente<\/li><li>Cl\u00ednica dental de \u00faltima generaci\u00f3n, totalmente digitalizada y con los m\u00e1s altos est\u00e1ndares t\u00e9cnicos e higi\u00e9nicos.<\/li><li>Un modelo de remuneraci\u00f3n atractivo y transparente que reconoce su experiencia y rendimiento<\/li><li>Ubicaci\u00f3n c\u00e9ntrica en Lucerna con conexiones e infraestructuras perfectas<\/li><li>Apoyo continuo a su desarrollo profesional y personal<\/li><li>Un entorno de trabajo que se toma en serio tu pasi\u00f3n por la odontolog\u00eda y la fomenta a largo plazo<\/li><\/ul><p>M\u00e1s informaci\u00f3n sobre nosotros en: <a href=\"https:\/\/zahnarzt-in-luzern.ch\/es\/servicio\/\">Dentista Lucerna<\/a><\/p>\t\t\t\t\t\t\t\t<\/div>\n\t\t\t\t<\/div>\n\t\t\t\t<\/div>\n\t\t<div class=\"elementor-element elementor-element-8827a3a e-con-full e-flex e-con e-child\" data-id=\"8827a3a\" data-element_type=\"container\">\n\t\t\t\t<div class=\"elementor-element elementor-element-85fdbd5 elementor-widget elementor-widget-heading\" data-id=\"85fdbd5\" data-element_type=\"widget\" data-widget_type=\"heading.default\">\n\t\t\t\t<div class=\"elementor-widget-container\">\n\t\t\t\t\t<h3 class=\"elementor-heading-title elementor-size-default\">\u00bfSe siente atendido? Esperamos sus comentarios.<\/h3>\t\t\t\t<\/div>\n\t\t\t\t<\/div>\n\t\t\t\t<div class=\"elementor-element elementor-element-4789549 elementor-widget elementor-widget-text-editor\" data-id=\"4789549\" data-element_type=\"widget\" data-widget_type=\"text-editor.default\">\n\t\t\t\t<div class=\"elementor-widget-container\">\n\t\t\t\t\t\t\t\t\t<p><strong>Por qu\u00e9 se sentir\u00e1 como en casa con nosotros:<br \/><\/strong>Porque con nosotros no eres s\u00f3lo un dentista, sino una parte valiosa de un equipo que valora tu trabajo, promueve tu experiencia y te da el aprecio que mereces. Las personas son el centro de todo lo que hacemos, tanto los pacientes como los empleados.<\/p><p><strong>Esperamos recibir su solicitud.<\/strong><br \/>Env\u00ede sus documentos completos (CV con foto, certificados, diplomas) en formato PDF por correo electr\u00f3nico.<\/p><p><strong>Cl\u00ednica dental Lucerna<\/strong><br \/>Pilatusstrasse 18<br \/>6003 Lucerna<\/p><p>Tel\u00e9fono: <a href=\"tel:+41 41 210 77 10\">+41 41 210 77 10<\/a><br \/>E-Mail: <a href=\"mailto:info@zahnarzt-lu.ch\">info@zahnarzt-lu.ch<\/a><\/p>\t\t\t\t\t\t\t\t<\/div>\n\t\t\t\t<\/div>\n\t\t\t\t<\/div>\n\t\t\t\t<\/div>\n\t\t\t\t\t<\/div>\n\t\t\t\t<\/div>\n\t\t\t\t\t<\/div>\n\t\t\t\t<\/div>\n\t\t<div class=\"elementor-element elementor-element-1fd4dc9 e-flex e-con-boxed e-con e-parent\" data-id=\"1fd4dc9\" data-element_type=\"container\" data-settings=\"{&quot;background_background&quot;:&quot;classic&quot;}\">\n\t\t\t\t\t<div class=\"e-con-inner\">\n\t\t\t\t<div class=\"elementor-element elementor-element-dcf47cb elementor-widget elementor-widget-video\" data-id=\"dcf47cb\" data-element_type=\"widget\" data-settings=\"{&quot;youtube_url&quot;:&quot;https:\\\/\\\/www.youtube.com\\\/watch?v=cxlQZqb5v0Q&quot;,&quot;loop&quot;:&quot;yes&quot;,&quot;video_type&quot;:&quot;youtube&quot;,&quot;controls&quot;:&quot;yes&quot;}\" data-widget_type=\"video.default\">\n\t\t\t\t<div class=\"elementor-widget-container\">\n\t\t\t\t\t\t\t<div class=\"elementor-wrapper elementor-open-inline\">\n\t\t\t<div class=\"elementor-video\"><\/div>\t\t<\/div>\n\t\t\t\t\t\t<\/div>\n\t\t\t\t<\/div>\n\t\t\t\t\t<\/div>\n\t\t\t\t<\/div>\n\t\t\t\t<\/div>","protected":false},"excerpt":{"rendered":"<p>Publicaci\u00f3n: 11.12.2025 Dentista 20-100% Para todos los que entienden la odontolog\u00eda de excelencia no solo como una profesi\u00f3n, sino como una vocaci\u00f3n. Contacto Descripci\u00f3n del puesto \u00a1Bienvenido a la Cl\u00ednica Dental de Lucerna! Somos una cl\u00ednica dental moderna y orientada a la calidad en el coraz\u00f3n de Lucerna, que ofrece todo el espectro de la odontolog\u00eda, siempre al m\u00e1s alto nivel cient\u00edfico y t\u00e9cnico. Por ello, no [\u2026]<\/p>","protected":false},"author":1,"featured_media":0,"parent":4197,"menu_order":2,"comment_status":"closed","ping_status":"closed","template":"","meta":{"footnotes":""},"class_list":["post-8568","page","type-page","status-publish","hentry"],"_links":{"self":[{"href":"https:\/\/zahnarzt-in-luzern.ch\/es\/wp-json\/wp\/v2\/pages\/8568","targetHints":{"allow":["GET"]}}],"collection":[{"href":"https:\/\/zahnarzt-in-luzern.ch\/es\/wp-json\/wp\/v2\/pages"}],"about":[{"href":"https:\/\/zahnarzt-in-luzern.ch\/es\/wp-json\/wp\/v2\/types\/page"}],"author":[{"embeddable":true,"href":"https:\/\/zahnarzt-in-luzern.ch\/es\/wp-json\/wp\/v2\/users\/1"}],"replies":[{"embeddable":true,"href":"https:\/\/zahnarzt-in-luzern.ch\/es\/wp-json\/wp\/v2\/comments?post=8568"}],"version-history":[{"count":97,"href":"https:\/\/zahnarzt-in-luzern.ch\/es\/wp-json\/wp\/v2\/pages\/8568\/revisions"}],"predecessor-version":[{"id":9022,"href":"https:\/\/zahnarzt-in-luzern.ch\/es\/wp-json\/wp\/v2\/pages\/8568\/revisions\/9022"}],"up":[{"embeddable":true,"href":"https:\/\/zahnarzt-in-luzern.ch\/es\/wp-json\/wp\/v2\/pages\/4197"}],"wp:attachment":[{"href":"https:\/\/zahnarzt-in-luzern.ch\/es\/wp-json\/wp\/v2\/media?parent=8568"}],"curies":[{"name":"wp","href":"https:\/\/api.w.org\/{rel}","templated":true}]}}