{"id":3829,"date":"2024-09-20T13:39:44","date_gmt":"2024-09-20T13:39:44","guid":{"rendered":"https:\/\/zl.gefire.org\/?page_id=3829"},"modified":"2025-10-28T16:19:05","modified_gmt":"2025-10-28T14:19:05","slug":"zahnarztangst-dentophobie","status":"publish","type":"page","link":"https:\/\/zahnarzt-in-luzern.ch\/es\/ansiedad-dental-dentofobia\/","title":{"rendered":"Ansiedad dental \/ Dentofobia"},"content":{"rendered":"<div data-elementor-type=\"wp-page\" data-elementor-id=\"3829\" class=\"elementor elementor-3829\" data-elementor-post-type=\"page\">\n\t\t\t\t<div class=\"elementor-element elementor-element-1fb7ffbd e-flex e-con-boxed e-con e-parent\" data-id=\"1fb7ffbd\" data-element_type=\"container\" data-settings=\"{&quot;background_background&quot;:&quot;gradient&quot;}\">\n\t\t\t\t\t<div class=\"e-con-inner\">\n\t\t<div class=\"elementor-element elementor-element-57b700aa e-grid e-con-full e-con e-child\" data-id=\"57b700aa\" data-element_type=\"container\">\n\t\t<div class=\"elementor-element elementor-element-315eafef animated-fast e-con-full e-flex elementor-invisible e-con e-child\" data-id=\"315eafef\" data-element_type=\"container\" data-settings=\"{&quot;animation&quot;:&quot;fadeIn&quot;,&quot;animation_delay&quot;:500}\">\n\t\t\t\t<div class=\"elementor-element elementor-element-31b7c58c elementor-widget elementor-widget-heading\" data-id=\"31b7c58c\" data-element_type=\"widget\" data-widget_type=\"heading.default\">\n\t\t\t\t<div class=\"elementor-widget-container\">\n\t\t\t\t\t<p class=\"elementor-heading-title elementor-size-default\">Visitas al dentista sin ansiedad ni dolor<\/p>\t\t\t\t<\/div>\n\t\t\t\t<\/div>\n\t\t\t\t<div class=\"elementor-element elementor-element-2367189 elementor-widget__width-initial elementor-widget elementor-widget-heading\" data-id=\"2367189\" data-element_type=\"widget\" data-widget_type=\"heading.default\">\n\t\t\t\t<div class=\"elementor-widget-container\">\n\t\t\t\t\t<h1 class=\"elementor-heading-title elementor-size-default\">Ansiedad dental \/ Dentofobia<\/h1>\t\t\t\t<\/div>\n\t\t\t\t<\/div>\n\t\t\t\t<div class=\"elementor-element elementor-element-30c44e08 elementor-widget__width-initial elementor-widget-mobile__width-inherit elementor-widget elementor-widget-text-editor\" data-id=\"30c44e08\" data-element_type=\"widget\" data-widget_type=\"text-editor.default\">\n\t\t\t\t<div class=\"elementor-widget-container\">\n\t\t\t\t\t\t\t\t\t\u00bfSufre de ansiedad dental o dentofobia? Ofrecemos tratamientos sin dolor y proporcionamos un ambiente tranquilo y agradable durante su visita al dentista.\t\t\t\t\t\t\t\t<\/div>\n\t\t\t\t<\/div>\n\t\t<div class=\"elementor-element elementor-element-1c496239 e-con-full e-flex e-con e-child\" data-id=\"1c496239\" data-element_type=\"container\">\n\t\t\t\t<div class=\"elementor-element elementor-element-268de617 elementor-mobile-align-justify elementor-widget-mobile__width-inherit elementor-widget elementor-widget-button\" data-id=\"268de617\" data-element_type=\"widget\" data-widget_type=\"button.default\">\n\t\t\t\t<div class=\"elementor-widget-container\">\n\t\t\t\t\t\t\t\t\t<div class=\"elementor-button-wrapper\">\n\t\t\t\t\t<a class=\"elementor-button elementor-button-link elementor-size-sm\" href=\"https:\/\/zahnarzt-in-luzern.ch\/es\/pedir-cita\/\">\n\t\t\t\t\t\t<span class=\"elementor-button-content-wrapper\">\n\t\t\t\t\t\t\t\t\t<span class=\"elementor-button-text\">Concertar una cita con el dentista<\/span>\n\t\t\t\t\t<\/span>\n\t\t\t\t\t<\/a>\n\t\t\t\t<\/div>\n\t\t\t\t\t\t\t\t<\/div>\n\t\t\t\t<\/div>\n\t\t\t\t<div class=\"elementor-element elementor-element-207ddf70 elementor-mobile-align-justify elementor-widget-mobile__width-inherit elementor-widget elementor-widget-button\" data-id=\"207ddf70\" data-element_type=\"widget\" data-widget_type=\"button.default\">\n\t\t\t\t<div class=\"elementor-widget-container\">\n\t\t\t\t\t\t\t\t\t<div class=\"elementor-button-wrapper\">\n\t\t\t\t\t<a class=\"elementor-button elementor-button-link elementor-size-sm\" href=\"https:\/\/zahnarzt-in-luzern.ch\/es\/contacto-dentista-lucerna\/\">\n\t\t\t\t\t\t<span class=\"elementor-button-content-wrapper\">\n\t\t\t\t\t\t\t\t\t<span class=\"elementor-button-text\">P\u00f3ngase en contacto con nosotros<\/span>\n\t\t\t\t\t<\/span>\n\t\t\t\t\t<\/a>\n\t\t\t\t<\/div>\n\t\t\t\t\t\t\t\t<\/div>\n\t\t\t\t<\/div>\n\t\t\t\t<\/div>\n\t\t\t\t<\/div>\n\t\t<div class=\"elementor-element elementor-element-4a17da9d e-con-full animated-fast e-flex elementor-invisible e-con e-child\" data-id=\"4a17da9d\" data-element_type=\"container\" data-settings=\"{&quot;animation&quot;:&quot;fadeIn&quot;,&quot;animation_delay&quot;:500}\">\n\t\t\t\t<div class=\"elementor-element elementor-element-515f31d0 elementor-widget elementor-widget-image\" data-id=\"515f31d0\" data-element_type=\"widget\" data-widget_type=\"image.default\">\n\t\t\t\t<div class=\"elementor-widget-container\">\n\t\t\t\t\t\t\t\t\t\t\t\t\t\t\t<img fetchpriority=\"high\" decoding=\"async\" width=\"1000\" height=\"1334\" src=\"https:\/\/zahnarzt-in-luzern.ch\/wp-content\/uploads\/angstpatient-01.webp\" class=\"attachment-full size-full wp-image-5965\" alt=\"Cita con el paciente ansioso\" srcset=\"https:\/\/zahnarzt-in-luzern.ch\/wp-content\/uploads\/angstpatient-01.webp 1000w, https:\/\/zahnarzt-in-luzern.ch\/wp-content\/uploads\/angstpatient-01-225x300.webp 225w, https:\/\/zahnarzt-in-luzern.ch\/wp-content\/uploads\/angstpatient-01-768x1025.webp 768w\" sizes=\"(max-width: 1000px) 100vw, 1000px\" \/>\t\t\t\t\t\t\t\t\t\t\t\t\t\t\t<\/div>\n\t\t\t\t<\/div>\n\t\t\t\t<\/div>\n\t\t\t\t<\/div>\n\t\t\t\t\t<\/div>\n\t\t\t\t<\/div>\n\t\t<div class=\"elementor-element elementor-element-4d997c00 e-flex e-con-boxed e-con e-parent\" data-id=\"4d997c00\" data-element_type=\"container\" data-settings=\"{&quot;background_background&quot;:&quot;classic&quot;}\">\n\t\t\t\t\t<div class=\"e-con-inner\">\n\t\t<div class=\"elementor-element elementor-element-2c200968 e-grid e-con-boxed e-con e-child\" data-id=\"2c200968\" data-element_type=\"container\">\n\t\t\t\t\t<div class=\"e-con-inner\">\n\t\t\t\t<div class=\"elementor-element elementor-element-4763c504 animated-fast elementor-invisible elementor-widget elementor-widget-image\" data-id=\"4763c504\" data-element_type=\"widget\" data-settings=\"{&quot;_animation&quot;:&quot;fadeIn&quot;,&quot;_animation_delay&quot;:100}\" data-widget_type=\"image.default\">\n\t\t\t\t<div class=\"elementor-widget-container\">\n\t\t\t\t\t\t\t\t\t\t\t\t\t\t\t<img decoding=\"async\" width=\"1000\" height=\"1334\" src=\"https:\/\/zahnarzt-in-luzern.ch\/wp-content\/uploads\/angstpatient-02.webp\" class=\"attachment-full size-full wp-image-5966\" alt=\"\u00bfPaciente ansioso?\" srcset=\"https:\/\/zahnarzt-in-luzern.ch\/wp-content\/uploads\/angstpatient-02.webp 1000w, https:\/\/zahnarzt-in-luzern.ch\/wp-content\/uploads\/angstpatient-02-225x300.webp 225w, https:\/\/zahnarzt-in-luzern.ch\/wp-content\/uploads\/angstpatient-02-768x1025.webp 768w\" sizes=\"(max-width: 1000px) 100vw, 1000px\" \/>\t\t\t\t\t\t\t\t\t\t\t\t\t\t\t<\/div>\n\t\t\t\t<\/div>\n\t\t<div class=\"elementor-element elementor-element-572374f0 e-con-full animated-fast e-flex elementor-invisible e-con e-child\" data-id=\"572374f0\" data-element_type=\"container\" data-settings=\"{&quot;animation&quot;:&quot;fadeIn&quot;,&quot;animation_delay&quot;:250}\">\n\t\t\t\t<div class=\"elementor-element elementor-element-38c60ac elementor-widget__width-initial elementor-widget-mobile__width-inherit elementor-widget elementor-widget-heading\" data-id=\"38c60ac\" data-element_type=\"widget\" data-widget_type=\"heading.default\">\n\t\t\t\t<div class=\"elementor-widget-container\">\n\t\t\t\t\t<h2 class=\"elementor-heading-title elementor-size-default\">La sensaci\u00f3n de inquietud<\/h2>\t\t\t\t<\/div>\n\t\t\t\t<\/div>\n\t\t<div class=\"elementor-element elementor-element-51d3c48e e-grid e-con-full e-con e-child\" data-id=\"51d3c48e\" data-element_type=\"container\">\n\t\t<div class=\"elementor-element elementor-element-9f1f1e9 e-con-full e-flex e-con e-child\" data-id=\"9f1f1e9\" data-element_type=\"container\">\n\t\t\t\t<div class=\"elementor-element elementor-element-160e69c0 elementor-widget elementor-widget-text-editor\" data-id=\"160e69c0\" data-element_type=\"widget\" data-widget_type=\"text-editor.default\">\n\t\t\t\t<div class=\"elementor-widget-container\">\n\t\t\t\t\t\t\t\t\t<p>Tenemos mucha experiencia con pacientes ansiosos. Nuestra empat\u00eda y asesoramiento exhaustivo antes de su tratamiento le ayudar\u00e1n a controlar su ansiedad respetando sus necesidades.<\/p><p>Las opciones de tratamiento m\u00e1s modernas nos permiten ofrecer un tratamiento dental suave y sin dolor. La transparencia y una explicaci\u00f3n exhaustiva garantizan una relaci\u00f3n de confianza y permiten una cooperaci\u00f3n fiable. Gracias a nuestro ambiente relajado y sin estr\u00e9s, le prometemos una experiencia dental positiva.<\/p><p>Para los pacientes muy ansiosos, ofrecemos la opci\u00f3n de realizar tratamientos bajo sedaci\u00f3n, hipnosis o anestesia general a petici\u00f3n propia. Colaboramos con especialistas locales en hipnosis y anestesia.<\/p><p>D\u00e9 ahora el primer paso y h\u00e1blenos de su miedo. Para cualquier persona con ansiedad dental en Lucerna: la venceremos juntos. Piense en un <a href=\"\/es\/higiene-dental-limpieza-dental\/\">Higiene dental<\/a>para preservar su salud dental. Para emergencias agudas, nuestro <a href=\"\/es\/dentista-de-urgencia-lucerna\/\">Dentista de urgencia<\/a> a su lado: juntos siempre encontramos una soluci\u00f3n.<\/p>\t\t\t\t\t\t\t\t<\/div>\n\t\t\t\t<\/div>\n\t\t\t\t<\/div>\n\t\t\t\t<\/div>\n\t\t\t\t<div class=\"elementor-element elementor-element-092ff79 elementor-widget elementor-widget-heading\" data-id=\"092ff79\" data-element_type=\"widget\" data-widget_type=\"heading.default\">\n\t\t\t\t<div class=\"elementor-widget-container\">\n\t\t\t\t\t<h2 class=\"elementor-heading-title elementor-size-default\">Programa \"Ratgeber\" de Tele1 sobre el tema de la ansiedad dental<\/h2>\t\t\t\t<\/div>\n\t\t\t\t<\/div>\n\t\t\t\t<div class=\"elementor-element elementor-element-6d0115d elementor-widget elementor-widget-html\" data-id=\"6d0115d\" data-element_type=\"widget\" data-widget_type=\"html.default\">\n\t\t\t\t<div class=\"elementor-widget-container\">\n\t\t\t\t\t<iframe \n  class=\"responsive-kaltura-player\" \n  id=\"kaltura_player_1760105949\" src=\"https:\/\/cdnapisec.kaltura.com\/html5\/html5lib\/v2.85\/mwEmbedFrame.php\/p\/1719221\/uiconf_id\/45243771\/entry_id\/1_bh929588?wid=_1719221&iframeembed=true&playerId=kaltura_player_1760105949&entry_id=1_bh929588\" \n  allowfullscreen webkitallowfullscreen mozallowfullscreen allow=\"autoplay *; fullscreen *; encrypted-media *\" \n  frameborder=\"0\" \n  title=\"Higiene bucal\">\n<\/iframe>\n\t\t\t\t<\/div>\n\t\t\t\t<\/div>\n\t\t\t\t<\/div>\n\t\t\t\t\t<\/div>\n\t\t\t\t<\/div>\n\t\t\t\t\t<\/div>\n\t\t\t\t<\/div>\n\t\t<div class=\"elementor-element elementor-element-1908867f e-flex e-con-boxed e-con e-parent\" data-id=\"1908867f\" data-element_type=\"container\" data-settings=\"{&quot;background_background&quot;:&quot;classic&quot;}\">\n\t\t\t\t\t<div class=\"e-con-inner\">\n\t\t<div class=\"elementor-element elementor-element-213c7acd e-grid e-con-boxed e-con e-child\" data-id=\"213c7acd\" data-element_type=\"container\">\n\t\t\t\t\t<div class=\"e-con-inner\">\n\t\t<div class=\"elementor-element elementor-element-17e1db8b e-con-full animated-fast elementor-hidden-mobile e-flex elementor-invisible e-con e-child\" data-id=\"17e1db8b\" data-element_type=\"container\" data-settings=\"{&quot;background_background&quot;:&quot;classic&quot;,&quot;animation&quot;:&quot;fadeIn&quot;,&quot;animation_delay&quot;:500}\">\n\t\t\t\t<\/div>\n\t\t<div class=\"elementor-element elementor-element-6669a65 e-con-full animated-fast e-flex e-con e-child\" data-id=\"6669a65\" data-element_type=\"container\" data-settings=\"{&quot;background_background&quot;:&quot;classic&quot;,&quot;animation&quot;:&quot;none&quot;}\">\n\t\t\t\t<div class=\"elementor-element elementor-element-bc3eef5 elementor-widget elementor-widget-heading\" data-id=\"bc3eef5\" data-element_type=\"widget\" data-widget_type=\"heading.default\">\n\t\t\t\t<div class=\"elementor-widget-container\">\n\t\t\t\t\t<p class=\"elementor-heading-title elementor-size-default\">Una c\u00e1lida bienvenida<\/p>\t\t\t\t<\/div>\n\t\t\t\t<\/div>\n\t\t\t\t<div class=\"elementor-element elementor-element-b84096c elementor-widget__width-inherit elementor-widget elementor-widget-heading\" data-id=\"b84096c\" data-element_type=\"widget\" data-widget_type=\"heading.default\">\n\t\t\t\t<div class=\"elementor-widget-container\">\n\t\t\t\t\t<h2 class=\"elementor-heading-title elementor-size-default\">Su dentista personal Lucerna<\/h2>\t\t\t\t<\/div>\n\t\t\t\t<\/div>\n\t\t\t\t<div class=\"elementor-element elementor-element-bec1777 elementor-widget elementor-widget-text-editor\" data-id=\"bec1777\" data-element_type=\"widget\" data-widget_type=\"text-editor.default\">\n\t\t\t\t<div class=\"elementor-widget-container\">\n\t\t\t\t\t\t\t\t\t<p>Estamos deseando conocerle en una reuni\u00f3n personal. Nos tomamos mucho tiempo para usted en cada caso individual.<\/p>\t\t\t\t\t\t\t\t<\/div>\n\t\t\t\t<\/div>\n\t\t\t\t<div class=\"elementor-element elementor-element-c547458 elementor-mobile-align-justify elementor-widget elementor-widget-button\" data-id=\"c547458\" data-element_type=\"widget\" data-widget_type=\"button.default\">\n\t\t\t\t<div class=\"elementor-widget-container\">\n\t\t\t\t\t\t\t\t\t<div class=\"elementor-button-wrapper\">\n\t\t\t\t\t<a class=\"elementor-button elementor-button-link elementor-size-sm\" href=\"https:\/\/zahnarzt-in-luzern.ch\/es\/pedir-cita\/\">\n\t\t\t\t\t\t<span class=\"elementor-button-content-wrapper\">\n\t\t\t\t\t\t\t\t\t<span class=\"elementor-button-text\">Concertar una cita con el dentista<\/span>\n\t\t\t\t\t<\/span>\n\t\t\t\t\t<\/a>\n\t\t\t\t<\/div>\n\t\t\t\t\t\t\t\t<\/div>\n\t\t\t\t<\/div>\n\t\t\t\t<\/div>\n\t\t\t\t\t<\/div>\n\t\t\t\t<\/div>\n\t\t\t\t\t<\/div>\n\t\t\t\t<\/div>\n\t\t\t\t<\/div>","protected":false},"excerpt":{"rendered":"<p>Sin angustia y sin dolor al dentista. \u00bfSufre de miedo al dentista o de dentofobia como paciente con ansiedad? Ofrecemos tratamientos indoloros y garantizamos un ambiente tranquilo y agradable durante su visita al dentista. Concertar una cita con el dentista. Contacto. El malestar. Tenemos mucha experiencia con pacientes con ansiedad. Nuestra empat\u00eda y asesoramiento exhaustivo antes de su tratamiento ayudan a aliviar su ansiedad [\u2026]<\/p>","protected":false},"author":2,"featured_media":0,"parent":0,"menu_order":10,"comment_status":"closed","ping_status":"closed","template":"","meta":{"footnotes":""},"class_list":["post-3829","page","type-page","status-publish","hentry"],"_links":{"self":[{"href":"https:\/\/zahnarzt-in-luzern.ch\/es\/wp-json\/wp\/v2\/pages\/3829","targetHints":{"allow":["GET"]}}],"collection":[{"href":"https:\/\/zahnarzt-in-luzern.ch\/es\/wp-json\/wp\/v2\/pages"}],"about":[{"href":"https:\/\/zahnarzt-in-luzern.ch\/es\/wp-json\/wp\/v2\/types\/page"}],"author":[{"embeddable":true,"href":"https:\/\/zahnarzt-in-luzern.ch\/es\/wp-json\/wp\/v2\/users\/2"}],"replies":[{"embeddable":true,"href":"https:\/\/zahnarzt-in-luzern.ch\/es\/wp-json\/wp\/v2\/comments?post=3829"}],"version-history":[{"count":101,"href":"https:\/\/zahnarzt-in-luzern.ch\/es\/wp-json\/wp\/v2\/pages\/3829\/revisions"}],"predecessor-version":[{"id":8969,"href":"https:\/\/zahnarzt-in-luzern.ch\/es\/wp-json\/wp\/v2\/pages\/3829\/revisions\/8969"}],"wp:attachment":[{"href":"https:\/\/zahnarzt-in-luzern.ch\/es\/wp-json\/wp\/v2\/media?parent=3829"}],"curies":[{"name":"wp","href":"https:\/\/api.w.org\/{rel}","templated":true}]}}