{"id":8637,"date":"2025-02-14T10:36:17","date_gmt":"2025-02-14T10:36:17","guid":{"rendered":"https:\/\/zahnarzt-in-luzern.ch\/?page_id=8637"},"modified":"2025-09-08T10:44:15","modified_gmt":"2025-09-08T08:44:15","slug":"dentalsekretaer","status":"publish","type":"page","link":"https:\/\/zahnarzt-in-luzern.ch\/de\/jobs\/dentalsekretaer\/","title":{"rendered":"Dentalsekret\u00e4r\/ -in 100%"},"content":{"rendered":"\t\t<div data-elementor-type=\"wp-page\" data-elementor-id=\"8637\" class=\"elementor elementor-8637\" data-elementor-post-type=\"page\">\n\t\t\t\t<div class=\"elementor-element elementor-element-1fb7ffbd e-flex e-con-boxed e-con e-parent\" data-id=\"1fb7ffbd\" data-element_type=\"container\" data-settings=\"{&quot;background_background&quot;:&quot;gradient&quot;}\">\n\t\t\t\t\t<div class=\"e-con-inner\">\n\t\t<div class=\"elementor-element elementor-element-57b700aa e-grid e-con-full e-con e-child\" data-id=\"57b700aa\" data-element_type=\"container\">\n\t\t<div class=\"elementor-element elementor-element-315eafef animated-fast e-con-full e-flex elementor-invisible e-con e-child\" data-id=\"315eafef\" data-element_type=\"container\" data-settings=\"{&quot;animation&quot;:&quot;fadeIn&quot;,&quot;animation_delay&quot;:500}\">\n\t\t\t\t<div class=\"elementor-element elementor-element-22be96b elementor-widget elementor-widget-html\" data-id=\"22be96b\" data-element_type=\"widget\" data-widget_type=\"html.default\">\n\t\t\t\t<div class=\"elementor-widget-container\">\n\t\t\t\t\t<script type=\"application\/ld+json\">\n{\n  \"@context\": \"https:\/\/schema.org\/\",\n  \"@type\": \"JobPosting\",\n  \"title\": \"Dentalsekret\u00e4r\/ -in 100% in Luzern\",\n  \"description\": \"Wir sind eine moderne Zahnklinik in Luzern und suchen eine\/n Dentalsekret\u00e4r\/in, die\/der mit Herz, Verstand und Teamgeist unsere Praxis am Laufen h\u00e4lt.\",\n  \"identifier\": {\n    \"@type\": \"PropertyValue\",\n    \"name\": \"Zahnarzt in Luzern\",\n    \"value\": \"Job-Dentalsekret\u00e4r-Zahnarzt-Luzern-2025\"\n  },\n  \"datePosted\": \"2025-09-08\",\n  \"employmentType\": \"full-time\",\n  \"hiringOrganization\": {\n    \"@type\": \"Organization\",\n    \"name\": \"Zahnarzt in Luzern\",\n    \"sameAs\": \"https:\/\/zahnarzt-in-luzern.ch\/\",\n    \"logo\": \"https:\/\/zahnarzt-in-luzern.ch\/wp-content\/uploads\/cropped-favicon-zahnarzt-in-luzern-480x480-1.png\",\n    \"email\": \"info@zahnarzt-lu.ch\"\n  },\n  \"jobLocation\": {\n    \"@type\": \"Place\",\n    \"address\": {\n      \"@type\": \"PostalAddress\",\n      \"streetAddress\": \"Pilatusstrasse 18\",\n      \"addressLocality\": \"Luzern\",\n      \"addressRegion\": \"LU\",\n      \"postalCode\": \"6003\",\n      \"addressCountry\": \"CH\"\n    }\n  },\n  \"applicationContact\": {\n    \"@type\": \"ContactPoint\",\n    \"email\": \"info@zahnarzt-lu.ch\",\n    \"contactType\": \"HR\",\n    \"name\": \"Bewerbungsteam Zahnarzt in Luzern\"\n  },\n  \"url\": \"https:\/\/zahnarzt-in-luzern.ch\/de\/jobs\/dentalsekretaer\/\"\n}\n<\/script>\n\n\t\t\t\t<\/div>\n\t\t\t\t<\/div>\n\t\t\t\t<div class=\"elementor-element elementor-element-31b7c58c elementor-widget elementor-widget-heading\" data-id=\"31b7c58c\" data-element_type=\"widget\" data-widget_type=\"heading.default\">\n\t\t\t\t<div class=\"elementor-widget-container\">\n\t\t\t\t\t<p class=\"elementor-heading-title elementor-size-default\">Ver\u00f6ffentlichung: 08.09.2025<\/p>\t\t\t\t<\/div>\n\t\t\t\t<\/div>\n\t\t\t\t<div class=\"elementor-element elementor-element-2367189 elementor-widget__width-initial elementor-widget elementor-widget-heading\" data-id=\"2367189\" data-element_type=\"widget\" data-widget_type=\"heading.default\">\n\t\t\t\t<div class=\"elementor-widget-container\">\n\t\t\t\t\t<h1 class=\"elementor-heading-title elementor-size-default\">Dentalsekret\u00e4r\/ -in 100% <\/h1>\t\t\t\t<\/div>\n\t\t\t\t<\/div>\n\t\t\t\t<div class=\"elementor-element elementor-element-30c44e08 elementor-widget__width-initial elementor-widget-mobile__width-inherit elementor-widget elementor-widget-text-editor\" data-id=\"30c44e08\" data-element_type=\"widget\" data-widget_type=\"text-editor.default\">\n\t\t\t\t<div class=\"elementor-widget-container\">\n\t\t\t\t\t\t\t\t\t<p>Du liebst es, den \u00dcberblick zu behalten und hast ein H\u00e4ndchen f\u00fcr Organisation? Dann komm zu uns!<\/p><p>Wir sind eine moderne Zahnklinik in Luzern und suchen eine\/n Dentalsekret\u00e4r\/in, die\/der mit Herz, Verstand und Teamgeist unsere Praxis am Laufen h\u00e4lt.<\/p>\t\t\t\t\t\t\t\t<\/div>\n\t\t\t\t<\/div>\n\t\t<div class=\"elementor-element elementor-element-1c496239 e-con-full e-flex e-con e-child\" data-id=\"1c496239\" data-element_type=\"container\">\n\t\t\t\t<div class=\"elementor-element elementor-element-207ddf70 elementor-mobile-align-justify elementor-widget-mobile__width-inherit elementor-widget elementor-widget-button\" data-id=\"207ddf70\" data-element_type=\"widget\" data-widget_type=\"button.default\">\n\t\t\t\t<div class=\"elementor-widget-container\">\n\t\t\t\t\t\t\t\t\t<div class=\"elementor-button-wrapper\">\n\t\t\t\t\t<a class=\"elementor-button elementor-button-link elementor-size-sm\" href=\"https:\/\/zahnarzt-in-luzern.ch\/de\/kontakt-zahnarzt-luzern\/\">\n\t\t\t\t\t\t<span class=\"elementor-button-content-wrapper\">\n\t\t\t\t\t\t\t\t\t<span class=\"elementor-button-text\">Kontakt<\/span>\n\t\t\t\t\t<\/span>\n\t\t\t\t\t<\/a>\n\t\t\t\t<\/div>\n\t\t\t\t\t\t\t\t<\/div>\n\t\t\t\t<\/div>\n\t\t\t\t<\/div>\n\t\t\t\t<\/div>\n\t\t<div class=\"elementor-element elementor-element-4a17da9d e-con-full e-flex e-con e-child\" data-id=\"4a17da9d\" data-element_type=\"container\">\n\t\t\t\t<div class=\"elementor-element elementor-element-515f31d0 elementor-widget elementor-widget-image\" data-id=\"515f31d0\" data-element_type=\"widget\" data-widget_type=\"image.default\">\n\t\t\t\t<div class=\"elementor-widget-container\">\n\t\t\t\t\t\t\t\t\t\t\t\t\t\t\t<img fetchpriority=\"high\" decoding=\"async\" width=\"2000\" height=\"2500\" src=\"https:\/\/zahnarzt-in-luzern.ch\/wp-content\/uploads\/zahnarzt-luzern-behandlungsmethode-01.webp\" class=\"attachment-full size-full wp-image-6343\" alt=\"\" srcset=\"https:\/\/zahnarzt-in-luzern.ch\/wp-content\/uploads\/zahnarzt-luzern-behandlungsmethode-01.webp 2000w, https:\/\/zahnarzt-in-luzern.ch\/wp-content\/uploads\/zahnarzt-luzern-behandlungsmethode-01-240x300.webp 240w, https:\/\/zahnarzt-in-luzern.ch\/wp-content\/uploads\/zahnarzt-luzern-behandlungsmethode-01-819x1024.webp 819w, https:\/\/zahnarzt-in-luzern.ch\/wp-content\/uploads\/zahnarzt-luzern-behandlungsmethode-01-768x960.webp 768w, https:\/\/zahnarzt-in-luzern.ch\/wp-content\/uploads\/zahnarzt-luzern-behandlungsmethode-01-1229x1536.webp 1229w, https:\/\/zahnarzt-in-luzern.ch\/wp-content\/uploads\/zahnarzt-luzern-behandlungsmethode-01-1638x2048.webp 1638w\" sizes=\"(max-width: 2000px) 100vw, 2000px\" \/>\t\t\t\t\t\t\t\t\t\t\t\t\t\t\t<\/div>\n\t\t\t\t<\/div>\n\t\t\t\t<\/div>\n\t\t\t\t<\/div>\n\t\t<div class=\"elementor-element elementor-element-134f6e75 e-flex e-con-boxed e-con e-child\" data-id=\"134f6e75\" data-element_type=\"container\">\n\t\t\t\t\t<div class=\"e-con-inner\">\n\t\t\t\t<div class=\"elementor-element elementor-element-73d16692 elementor-widget-divider--view-line elementor-widget elementor-widget-divider\" data-id=\"73d16692\" data-element_type=\"widget\" data-widget_type=\"divider.default\">\n\t\t\t\t<div class=\"elementor-widget-container\">\n\t\t\t\t\t\t\t<div class=\"elementor-divider\">\n\t\t\t<span class=\"elementor-divider-separator\">\n\t\t\t\t\t\t<\/span>\n\t\t<\/div>\n\t\t\t\t\t\t<\/div>\n\t\t\t\t<\/div>\n\t\t\t\t\t<\/div>\n\t\t\t\t<\/div>\n\t\t\t\t\t<\/div>\n\t\t\t\t<\/div>\n\t\t<div class=\"elementor-element elementor-element-710e0813 e-flex e-con-boxed e-con e-parent\" data-id=\"710e0813\" data-element_type=\"container\" data-settings=\"{&quot;background_background&quot;:&quot;classic&quot;}\">\n\t\t\t\t\t<div class=\"e-con-inner\">\n\t\t<div class=\"elementor-element elementor-element-79b451df animated-fast e-flex e-con-boxed elementor-invisible e-con e-child\" data-id=\"79b451df\" data-element_type=\"container\" data-settings=\"{&quot;animation&quot;:&quot;fadeIn&quot;,&quot;animation_delay&quot;:100}\">\n\t\t\t\t\t<div class=\"e-con-inner\">\n\t\t\t\t<div class=\"elementor-element elementor-element-dde0deb elementor-widget__width-initial elementor-widget elementor-widget-heading\" data-id=\"dde0deb\" data-element_type=\"widget\" data-widget_type=\"heading.default\">\n\t\t\t\t<div class=\"elementor-widget-container\">\n\t\t\t\t\t<h2 class=\"elementor-heading-title elementor-size-default\">Jobbeschreibung<\/h2>\t\t\t\t<\/div>\n\t\t\t\t<\/div>\n\t\t\t\t<div class=\"elementor-element elementor-element-cddf764 elementor-widget elementor-widget-text-editor\" data-id=\"cddf764\" data-element_type=\"widget\" data-widget_type=\"text-editor.default\">\n\t\t\t\t<div class=\"elementor-widget-container\">\n\t\t\t\t\t\t\t\t\t<p>Wir sind eine topmoderne Zahnklinik im Herzen von Luzern \u2013 digital, innovativ und patientenfokussiert. Mit modernster Technologie und einem eingespielten Team bieten wir erstklassige Zahnmedizin. Bei uns z\u00e4hlt nicht nur Fachkompetenz, sondern auch Teamspirit und Weiterentwicklung.<br \/><br \/>Lust, Teil davon zu werden? Let\u2019s talk!<\/p>\t\t\t\t\t\t\t\t<\/div>\n\t\t\t\t<\/div>\n\t\t\t\t\t<\/div>\n\t\t\t\t<\/div>\n\t\t<div class=\"elementor-element elementor-element-1560f46b e-grid e-con-boxed e-con e-child\" data-id=\"1560f46b\" data-element_type=\"container\">\n\t\t\t\t\t<div class=\"e-con-inner\">\n\t\t\t\t<div class=\"elementor-element elementor-element-da82125 elementor-widget elementor-widget-image\" data-id=\"da82125\" data-element_type=\"widget\" data-widget_type=\"image.default\">\n\t\t\t\t<div class=\"elementor-widget-container\">\n\t\t\t\t\t\t\t\t\t\t\t\t\t\t\t<img decoding=\"async\" width=\"800\" height=\"1000\" src=\"https:\/\/zahnarzt-in-luzern.ch\/wp-content\/uploads\/wurzelbehandlung-luzern-notfall-819x1024.webp\" class=\"attachment-large size-large wp-image-5736\" alt=\"Wurzelbehandlung Luzern Zahnarzt\" srcset=\"https:\/\/zahnarzt-in-luzern.ch\/wp-content\/uploads\/wurzelbehandlung-luzern-notfall-819x1024.webp 819w, https:\/\/zahnarzt-in-luzern.ch\/wp-content\/uploads\/wurzelbehandlung-luzern-notfall-240x300.webp 240w, https:\/\/zahnarzt-in-luzern.ch\/wp-content\/uploads\/wurzelbehandlung-luzern-notfall-768x960.webp 768w, https:\/\/zahnarzt-in-luzern.ch\/wp-content\/uploads\/wurzelbehandlung-luzern-notfall-1229x1536.webp 1229w, https:\/\/zahnarzt-in-luzern.ch\/wp-content\/uploads\/wurzelbehandlung-luzern-notfall-1638x2048.webp 1638w, https:\/\/zahnarzt-in-luzern.ch\/wp-content\/uploads\/elementor\/thumbs\/wurzelbehandlung-luzern-notfall-quob2tvgz3gv42soeupxjbmkcw14hv2h9hx0r5ss9c.webp 800w, https:\/\/zahnarzt-in-luzern.ch\/wp-content\/uploads\/wurzelbehandlung-luzern-notfall.webp 2000w\" sizes=\"(max-width: 800px) 100vw, 800px\" \/>\t\t\t\t\t\t\t\t\t\t\t\t\t\t\t<\/div>\n\t\t\t\t<\/div>\n\t\t<div class=\"elementor-element elementor-element-31d5c12a e-grid e-con-full animated-fast elementor-invisible e-con e-child\" data-id=\"31d5c12a\" data-element_type=\"container\" data-settings=\"{&quot;animation&quot;:&quot;fadeIn&quot;,&quot;animation_delay&quot;:250}\">\n\t\t<div class=\"elementor-element elementor-element-8f9a3c7 e-con-full e-flex e-con e-child\" data-id=\"8f9a3c7\" data-element_type=\"container\">\n\t\t\t\t<div class=\"elementor-element elementor-element-6f29c49 elementor-widget elementor-widget-heading\" data-id=\"6f29c49\" data-element_type=\"widget\" data-widget_type=\"heading.default\">\n\t\t\t\t<div class=\"elementor-widget-container\">\n\t\t\t\t\t<h3 class=\"elementor-heading-title elementor-size-default\">Ihre Aufgaben:<\/h3>\t\t\t\t<\/div>\n\t\t\t\t<\/div>\n\t\t\t\t<div class=\"elementor-element elementor-element-c44cd64 elementor-widget elementor-widget-text-editor\" data-id=\"c44cd64\" data-element_type=\"widget\" data-widget_type=\"text-editor.default\">\n\t\t\t\t<div class=\"elementor-widget-container\">\n\t\t\t\t\t\t\t\t\t<ul><li>Freundlicher Empfang &amp; Betreuung unserer Patienten<\/li><li>Terminplanung &amp; Praxisorganisation mit Struktur und Charme<\/li><li>Verwaltung der Patientendaten &amp; Unterst\u00fctzung administrativer Prozesse<\/li><li>Schnittstelle zwischen Patient:innen &amp; Behandlungsteam<\/li><li>Abrechnungen &amp; Praxisabl\u00e4ufe managen \u2013 reibungslos &amp; effizient<\/li><\/ul>\t\t\t\t\t\t\t\t<\/div>\n\t\t\t\t<\/div>\n\t\t\t\t<\/div>\n\t\t<div class=\"elementor-element elementor-element-9794076 e-con-full e-flex e-con e-child\" data-id=\"9794076\" data-element_type=\"container\">\n\t\t\t\t<div class=\"elementor-element elementor-element-8e85129 elementor-widget elementor-widget-heading\" data-id=\"8e85129\" data-element_type=\"widget\" data-widget_type=\"heading.default\">\n\t\t\t\t<div class=\"elementor-widget-container\">\n\t\t\t\t\t<h3 class=\"elementor-heading-title elementor-size-default\">Ihr Anforderungsprofil:<\/h3>\t\t\t\t<\/div>\n\t\t\t\t<\/div>\n\t\t\t\t<div class=\"elementor-element elementor-element-b6234b5 elementor-widget elementor-widget-text-editor\" data-id=\"b6234b5\" data-element_type=\"widget\" data-widget_type=\"text-editor.default\">\n\t\t\t\t<div class=\"elementor-widget-container\">\n\t\t\t\t\t\t\t\t\t<ul><li>Ausbildung als Dentalsekret\u00e4r\/in oder Dentalassistent\/in<\/li><li>Erfahrung in der Praxis- oder Klinikverwaltung? Grosser Vorteil!<\/li><li>Kommunikationstalent &amp; serviceorientierte Arbeitsweise<\/li><li>Organisationstalent mit k\u00fchlem Kopf \u2013 auch wenn\u2019s mal hektisch wird<\/li><li>Teamspirit &amp; Interesse auf eine langfristige Zusammenarbeit\u00a0<\/li><\/ul>\t\t\t\t\t\t\t\t<\/div>\n\t\t\t\t<\/div>\n\t\t\t\t<\/div>\n\t\t<div class=\"elementor-element elementor-element-7c14cc0 e-con-full e-flex e-con e-child\" data-id=\"7c14cc0\" data-element_type=\"container\">\n\t\t\t\t<div class=\"elementor-element elementor-element-6fadd9b elementor-widget elementor-widget-heading\" data-id=\"6fadd9b\" data-element_type=\"widget\" data-widget_type=\"heading.default\">\n\t\t\t\t<div class=\"elementor-widget-container\">\n\t\t\t\t\t<h3 class=\"elementor-heading-title elementor-size-default\">Unser Angebot:<\/h3>\t\t\t\t<\/div>\n\t\t\t\t<\/div>\n\t\t\t\t<div class=\"elementor-element elementor-element-d297cd8 elementor-widget elementor-widget-text-editor\" data-id=\"d297cd8\" data-element_type=\"widget\" data-widget_type=\"text-editor.default\">\n\t\t\t\t<div class=\"elementor-widget-container\">\n\t\t\t\t\t\t\t\t\t<ul><li>Modern ausgestattete, volldigitalisierte und qualit\u00e4tsorientierte Zahnklinik in erstklassiger Lage<\/li><li>Ein herzliches, engagiertes und qualifiziertes Team, das Sie unterst\u00fctzt<\/li><li>Attraktives und leistungsorientiertes Verg\u00fctungsmodell<\/li><li>Kontinuierliche Weiterbildungsm\u00f6glichkeiten f\u00fcr unsere Mitarbeiter<\/li><li>Erfahren Sie mehr \u00fcber uns unter: <a href=\"https:\/\/zahnarzt-in-luzern.ch\/de\/service\/\">Zahnarzt Luzern<\/a><\/li><\/ul>\t\t\t\t\t\t\t\t<\/div>\n\t\t\t\t<\/div>\n\t\t\t\t<\/div>\n\t\t<div class=\"elementor-element elementor-element-8827a3a e-con-full e-flex e-con e-child\" data-id=\"8827a3a\" data-element_type=\"container\">\n\t\t\t\t<div class=\"elementor-element elementor-element-85fdbd5 elementor-widget elementor-widget-heading\" data-id=\"85fdbd5\" data-element_type=\"widget\" data-widget_type=\"heading.default\">\n\t\t\t\t<div class=\"elementor-widget-container\">\n\t\t\t\t\t<h3 class=\"elementor-heading-title elementor-size-default\">F\u00fchlen Sie sich angesprochen? Wir freuen uns!<\/h3>\t\t\t\t<\/div>\n\t\t\t\t<\/div>\n\t\t\t\t<div class=\"elementor-element elementor-element-4789549 elementor-widget elementor-widget-text-editor\" data-id=\"4789549\" data-element_type=\"widget\" data-widget_type=\"text-editor.default\">\n\t\t\t\t<div class=\"elementor-widget-container\">\n\t\t\t\t\t\t\t\t\t<p>Senden Sie uns Ihre vollst\u00e4ndigen Bewerbungsunterlagen, inklusive aktuellem Lebenslauf mit Foto, Arbeitszeugnissen und Diplomen, im PDF-Format per E-Mail.<\/p><p>Ihre Bewerbung behandeln wir mit absoluter Diskretion. F\u00fcr Fragen stehen wir Ihnen jederzeit unverbindlich zur Verf\u00fcgung.<\/p><p>Frau Dr. Dr. Himmelfarb und ihr Team freuen sich auf Ihre Bewerbung.<\/p><p><strong>Zahnklinik Luzern<\/strong><br \/>Pilatusstrasse 18<br \/>6003 Luzern<\/p><p>Telefon: <a href=\"tel:+41 41 210 77 10\">+41 41 210 77 10<\/a><br \/>E-Mail: <a href=\"mailto:info@zahnarzt-lu.ch\">info@zahnarzt-lu.ch<\/a><\/p>\t\t\t\t\t\t\t\t<\/div>\n\t\t\t\t<\/div>\n\t\t\t\t<\/div>\n\t\t\t\t<\/div>\n\t\t\t\t\t<\/div>\n\t\t\t\t<\/div>\n\t\t\t\t\t<\/div>\n\t\t\t\t<\/div>\n\t\t<div class=\"elementor-element elementor-element-1fd4dc9 e-flex e-con-boxed e-con e-parent\" data-id=\"1fd4dc9\" data-element_type=\"container\" data-settings=\"{&quot;background_background&quot;:&quot;classic&quot;}\">\n\t\t\t\t\t<div class=\"e-con-inner\">\n\t\t\t\t<div class=\"elementor-element elementor-element-dcf47cb elementor-widget elementor-widget-video\" data-id=\"dcf47cb\" data-element_type=\"widget\" data-settings=\"{&quot;youtube_url&quot;:&quot;https:\\\/\\\/www.youtube.com\\\/watch?v=cxlQZqb5v0Q&quot;,&quot;loop&quot;:&quot;yes&quot;,&quot;video_type&quot;:&quot;youtube&quot;,&quot;controls&quot;:&quot;yes&quot;}\" data-widget_type=\"video.default\">\n\t\t\t\t<div class=\"elementor-widget-container\">\n\t\t\t\t\t\t\t<div class=\"elementor-wrapper elementor-open-inline\">\n\t\t\t<div class=\"elementor-video\"><\/div>\t\t<\/div>\n\t\t\t\t\t\t<\/div>\n\t\t\t\t<\/div>\n\t\t\t\t\t<\/div>\n\t\t\t\t<\/div>\n\t\t\t\t<\/div>\n\t\t","protected":false},"excerpt":{"rendered":"<p>Ver\u00f6ffentlichung: 08.09.2025 Dentalsekret\u00e4r\/ -in 100% Du liebst es, den \u00dcberblick zu behalten und hast ein H\u00e4ndchen f\u00fcr Organisation? Dann komm zu uns! Wir sind eine moderne Zahnklinik in Luzern und suchen eine\/n Dentalsekret\u00e4r\/in, die\/der mit Herz, Verstand und Teamgeist unsere Praxis am Laufen h\u00e4lt. Kontakt Jobbeschreibung Wir sind eine topmoderne Zahnklinik im Herzen von Luzern [&hellip;]<\/p>\n","protected":false},"author":1,"featured_media":0,"parent":4197,"menu_order":2,"comment_status":"closed","ping_status":"closed","template":"","meta":{"footnotes":""},"class_list":["post-8637","page","type-page","status-publish","hentry"],"_links":{"self":[{"href":"https:\/\/zahnarzt-in-luzern.ch\/de\/wp-json\/wp\/v2\/pages\/8637","targetHints":{"allow":["GET"]}}],"collection":[{"href":"https:\/\/zahnarzt-in-luzern.ch\/de\/wp-json\/wp\/v2\/pages"}],"about":[{"href":"https:\/\/zahnarzt-in-luzern.ch\/de\/wp-json\/wp\/v2\/types\/page"}],"author":[{"embeddable":true,"href":"https:\/\/zahnarzt-in-luzern.ch\/de\/wp-json\/wp\/v2\/users\/1"}],"replies":[{"embeddable":true,"href":"https:\/\/zahnarzt-in-luzern.ch\/de\/wp-json\/wp\/v2\/comments?post=8637"}],"version-history":[{"count":25,"href":"https:\/\/zahnarzt-in-luzern.ch\/de\/wp-json\/wp\/v2\/pages\/8637\/revisions"}],"predecessor-version":[{"id":8928,"href":"https:\/\/zahnarzt-in-luzern.ch\/de\/wp-json\/wp\/v2\/pages\/8637\/revisions\/8928"}],"up":[{"embeddable":true,"href":"https:\/\/zahnarzt-in-luzern.ch\/de\/wp-json\/wp\/v2\/pages\/4197"}],"wp:attachment":[{"href":"https:\/\/zahnarzt-in-luzern.ch\/de\/wp-json\/wp\/v2\/media?parent=8637"}],"curies":[{"name":"wp","href":"https:\/\/api.w.org\/{rel}","templated":true}]}}